{"id":80,"date":"2022-04-05T15:03:20","date_gmt":"2022-04-05T15:03:20","guid":{"rendered":"http:\/\/quinze.es\/?page_id=80"},"modified":"2022-06-13T14:54:55","modified_gmt":"2022-06-13T14:54:55","slug":"cookies","status":"publish","type":"page","link":"https:\/\/quinze.es\/en\/cookies\/","title":{"rendered":"Pol\u00edtica de Cookies"},"content":{"rendered":"<div data-elementor-type=\"wp-page\" data-elementor-id=\"80\" class=\"elementor elementor-80\">\n\t\t\t\t\t\t\t\t\t<section class=\"elementor-section elementor-top-section elementor-element elementor-element-243a8a0 elementor-section-boxed elementor-section-height-default elementor-section-height-default\" data-id=\"243a8a0\" data-element_type=\"section\">\n\t\t\t\t\t\t<div class=\"elementor-container elementor-column-gap-default\">\n\t\t\t\t\t<div class=\"elementor-column elementor-col-33 elementor-top-column elementor-element elementor-element-470e7b7\" data-id=\"470e7b7\" data-element_type=\"column\">\n\t\t\t<div class=\"elementor-widget-wrap\">\n\t\t\t\t\t\t\t\t\t<\/div>\n\t\t<\/div>\n\t\t\t\t<div class=\"elementor-column elementor-col-33 elementor-top-column elementor-element elementor-element-771ce06b\" data-id=\"771ce06b\" data-element_type=\"column\" data-settings=\"{&quot;background_background&quot;:&quot;classic&quot;}\">\n\t\t\t<div class=\"elementor-widget-wrap elementor-element-populated\">\n\t\t\t\t\t\t\t\t<div class=\"elementor-element elementor-element-76e031f elementor-widget elementor-widget-heading\" data-id=\"76e031f\" data-element_type=\"widget\" data-settings=\"{&quot;ekit_we_effect_on&quot;:&quot;none&quot;}\" data-widget_type=\"heading.default\">\n\t\t\t\t<div class=\"elementor-widget-container\">\n\t\t\t<style>\/*! elementor - v3.18.0 - 20-12-2023 *\/\n.elementor-heading-title{padding:0;margin:0;line-height:1}.elementor-widget-heading .elementor-heading-title[class*=elementor-size-]>a{color:inherit;font-size:inherit;line-height:inherit}.elementor-widget-heading .elementor-heading-title.elementor-size-small{font-size:15px}.elementor-widget-heading .elementor-heading-title.elementor-size-medium{font-size:19px}.elementor-widget-heading .elementor-heading-title.elementor-size-large{font-size:29px}.elementor-widget-heading .elementor-heading-title.elementor-size-xl{font-size:39px}.elementor-widget-heading .elementor-heading-title.elementor-size-xxl{font-size:59px}<\/style><h2 class=\"elementor-heading-title elementor-size-default\">Pol\u00edtica de Cookies<\/h2>\t\t<\/div>\n\t\t\t\t<\/div>\n\t\t\t\t<div class=\"elementor-element elementor-element-1f335cf2 elementor-widget elementor-widget-text-editor\" data-id=\"1f335cf2\" data-element_type=\"widget\" data-settings=\"{&quot;ekit_we_effect_on&quot;:&quot;none&quot;}\" data-widget_type=\"text-editor.default\">\n\t\t\t\t<div class=\"elementor-widget-container\">\n\t\t\t<style>\/*! elementor - v3.18.0 - 20-12-2023 *\/\n.elementor-widget-text-editor.elementor-drop-cap-view-stacked .elementor-drop-cap{background-color:#69727d;color:#fff}.elementor-widget-text-editor.elementor-drop-cap-view-framed .elementor-drop-cap{color:#69727d;border:3px solid;background-color:transparent}.elementor-widget-text-editor:not(.elementor-drop-cap-view-default) .elementor-drop-cap{margin-top:8px}.elementor-widget-text-editor:not(.elementor-drop-cap-view-default) .elementor-drop-cap-letter{width:1em;height:1em}.elementor-widget-text-editor .elementor-drop-cap{float:left;text-align:center;line-height:1;font-size:50px}.elementor-widget-text-editor .elementor-drop-cap-letter{display:inline-block}<\/style>\t\t\t\t<!-- wp:heading -->\n<p>\u00a0<\/p>\n<p class=\"font_8\">siguiente informaci\u00f3n:<\/p>\n<p class=\"font_8\">Esta aplicaci\u00f3n ha sido desarrollada por Google, que nos presta el servicio de an\u00e1lisis de la audiencia de nuestra p\u00e1gina. Esta empresa puede utilizar estos datos para mejorar sus propios servicios y para ofrecer servicios a otras empresas. Puedes conocer esos otros usos desde los enlaces indicados.<\/p>\n<p class=\"font_8\">Esta herramienta no obtiene datos de los nombres o apellidos de los usuarios ni de la direcci\u00f3n postal desde donde se conectan. La informaci\u00f3n que obtiene est\u00e1 relacionada por ejemplo con el n\u00famero de p\u00e1ginas visitas, el idioma, red social en la que se publican nuestras noticias, la ciudad a la que est\u00e1 asignada la direcci\u00f3n IP desde la que acceden los usuarios, el n\u00famero de usuarios que nos visitan, la frecuencia y reincidencia de las visitas, el tiempo de visita, el navegador que usan, el operador o tipo de terminal desde el que se realiza la visita.<\/p>\n<p class=\"font_8\">Esta informaci\u00f3n la utilizamos para mejorar nuestra p\u00e1gina, detectar nuevas necesidades y valorar las mejoras a introducir con la finalidad de prestar un mejor servicio a los usuarios que nos visitan.<\/p>\n<p class=\"font_8\">Para permitir, conocer, bloquear o eliminar las cookies instaladas en tu equipo puedes hacerlo mediante la configuraci\u00f3n de las opciones del navegador instalado en su ordenador.<\/p>\n<p class=\"font_8\">Por ejemplo, puedes encontrar informaci\u00f3n sobre c\u00f3mo hacerlo en el caso que uses como navegador:<\/p>\n<p class=\"font_8\">Chrome\u00a0<a href=\"https:\/\/support.google.com\/chrome\/answer\/95647?hl=es\" target=\"_blank\" rel=\"noopener\" data-auto-recognition=\"true\">https:\/\/support.google.com\/chrome\/answer\/95647?hl=es<\/a><\/p>\n<p class=\"font_8\">Firefox\u00a0<a href=\"http:\/\/support.mozilla.org\/es\/kb\/configuracion-de-la-privacidad-el-historial-de-nav?redirectlocale=es&amp;as=u&amp;redirectslug=Ventana+Opciones+-+Panel+Privacidad\" target=\"_blank\" rel=\"noopener\" data-auto-recognition=\"true\">http:\/\/support.mozilla.org\/es\/kb\/configuracion-de-la-privacidad-el-historial-de-nav?redirectlocale=es&amp;as=u&amp;redirectslug=Ventana+Opciones+-+Panel+Privacidad<\/a><\/p>\n<p class=\"font_8\"><a href=\"http:\/\/support.mozilla.org\/es\/kb\/cookies-informacion-que-los-sitios-web-guardan-en-?redirectlocale=en-US&amp;redirectslug=Cookies\" target=\"_blank\" rel=\"noopener\" data-auto-recognition=\"true\">http:\/\/support.mozilla.org\/es\/kb\/cookies-informacion-que-los-sitios-web-guardan-en-?redirectlocale=en-US&amp;redirectslug=Cookies<\/a><\/p>\n<p class=\"font_8\">Explorer\u00a0<a href=\"http:\/\/windows.microsoft.com\/es-ES\/windows7\/How-to-manage-cookies-in-Internet-Explorer-9\" target=\"_blank\" rel=\"noopener\" data-auto-recognition=\"true\">http:\/\/windows.microsoft.com\/es-ES\/windows7\/How-to-manage-cookies-in-Internet-Explorer-9<\/a><\/p>\n<p class=\"font_8\">Safari\u00a0<a href=\"http:\/\/support.apple.com\/kb\/PH5042\" target=\"_blank\" rel=\"noopener\" data-auto-recognition=\"true\">http:\/\/support.apple.com\/kb\/PH5042<\/a><\/p>\n<!-- \/wp:paragraph -->\t\t\t\t\t\t<\/div>\n\t\t\t\t<\/div>\n\t\t\t\t\t<\/div>\n\t\t<\/div>\n\t\t\t\t<div class=\"elementor-column elementor-col-33 elementor-top-column elementor-element elementor-element-cdaef15\" data-id=\"cdaef15\" data-element_type=\"column\">\n\t\t\t<div class=\"elementor-widget-wrap\">\n\t\t\t\t\t\t\t\t\t<\/div>\n\t\t<\/div>\n\t\t\t\t\t\t\t<\/div>\n\t\t<\/section>\n\t\t\t\t\t\t\t<\/div>","protected":false},"excerpt":{"rendered":"<p>Pol\u00edtica de Cookies \u00a0 siguiente informaci\u00f3n: Esta aplicaci\u00f3n ha sido desarrollada por Google, que nos presta el servicio de an\u00e1lisis de la audiencia de nuestra p\u00e1gina. Esta empresa puede utilizar estos datos para mejorar sus propios servicios y para ofrecer servicios a otras empresas. Puedes conocer esos otros usos desde los enlaces indicados. Esta herramienta &hellip;<\/p>\n<p class=\"read-more\"> <a class=\"\" href=\"https:\/\/quinze.es\/en\/cookies\/\"> <span class=\"screen-reader-text\">Pol\u00edtica de Cookies<\/span> Read More &raquo;<\/a><\/p>","protected":false},"author":1,"featured_media":0,"parent":0,"menu_order":0,"comment_status":"closed","ping_status":"closed","template":"elementor_header_footer","meta":{"site-sidebar-layout":"default","site-content-layout":"default","ast-global-header-display":"","ast-main-header-display":"","ast-hfb-above-header-display":"","ast-hfb-below-header-display":"","ast-hfb-mobile-header-display":"","site-post-title":"","ast-breadcrumbs-content":"","ast-featured-img":"","footer-sml-layout":"","theme-transparent-header-meta":"","adv-header-id-meta":"","stick-header-meta":"","header-above-stick-meta":"","header-main-stick-meta":"","header-below-stick-meta":"","footnotes":""},"class_list":["post-80","page","type-page","status-publish","hentry"],"yoast_head":"<!-- This site is optimized with the Yoast SEO plugin v21.8 - https:\/\/yoast.com\/wordpress\/plugins\/seo\/ -->\n<title>Pol\u00edtica de Cookies - Quinze<\/title>\n<meta name=\"description\" content=\"Pol\u00edtica de Cookies\" \/>\n<meta name=\"robots\" content=\"noindex, nofollow\" \/>\n<meta property=\"og:locale\" content=\"en_GB\" \/>\n<meta property=\"og:type\" content=\"article\" \/>\n<meta property=\"og:title\" content=\"Pol\u00edtica de Cookies - Quinze\" \/>\n<meta property=\"og:description\" content=\"Pol\u00edtica de Cookies\" \/>\n<meta property=\"og:url\" content=\"https:\/\/quinze.es\/en\/cookies\/\" \/>\n<meta property=\"og:site_name\" content=\"Quinze\" \/>\n<meta property=\"article:modified_time\" content=\"2022-06-13T14:54:55+00:00\" \/>\n<meta name=\"twitter:card\" content=\"summary_large_image\" \/>\n<meta name=\"twitter:label1\" content=\"Estimated reading time\" \/>\n\t<meta name=\"twitter:data1\" content=\"2 minutes\" \/>\n<script type=\"application\/ld+json\" class=\"yoast-schema-graph\">{\"@context\":\"https:\/\/schema.org\",\"@graph\":[{\"@type\":\"WebPage\",\"@id\":\"https:\/\/quinze.es\/cookies\/\",\"url\":\"https:\/\/quinze.es\/cookies\/\",\"name\":\"Pol\u00edtica de Cookies - Quinze\",\"isPartOf\":{\"@id\":\"https:\/\/quinze.es\/#website\"},\"datePublished\":\"2022-04-05T15:03:20+00:00\",\"dateModified\":\"2022-06-13T14:54:55+00:00\",\"description\":\"Pol\u00edtica de Cookies\",\"breadcrumb\":{\"@id\":\"https:\/\/quinze.es\/cookies\/#breadcrumb\"},\"inLanguage\":\"en-GB\",\"potentialAction\":[{\"@type\":\"ReadAction\",\"target\":[\"https:\/\/quinze.es\/cookies\/\"]}]},{\"@type\":\"BreadcrumbList\",\"@id\":\"https:\/\/quinze.es\/cookies\/#breadcrumb\",\"itemListElement\":[{\"@type\":\"ListItem\",\"position\":1,\"name\":\"Portada\",\"item\":\"https:\/\/quinze.es\/\"},{\"@type\":\"ListItem\",\"position\":2,\"name\":\"Pol\u00edtica de Cookies\"}]},{\"@type\":\"WebSite\",\"@id\":\"https:\/\/quinze.es\/#website\",\"url\":\"https:\/\/quinze.es\/\",\"name\":\"Quinze\",\"description\":\"Cocina de brasas\",\"potentialAction\":[{\"@type\":\"SearchAction\",\"target\":{\"@type\":\"EntryPoint\",\"urlTemplate\":\"https:\/\/quinze.es\/?s={search_term_string}\"},\"query-input\":\"required name=search_term_string\"}],\"inLanguage\":\"en-GB\"}]}<\/script>\n<!-- \/ Yoast SEO plugin. -->","yoast_head_json":{"title":"Pol\u00edtica de Cookies - Quinze","description":"Pol\u00edtica de Cookies","robots":{"index":"noindex","follow":"nofollow"},"og_locale":"en_GB","og_type":"article","og_title":"Pol\u00edtica de Cookies - Quinze","og_description":"Pol\u00edtica de Cookies","og_url":"https:\/\/quinze.es\/en\/cookies\/","og_site_name":"Quinze","article_modified_time":"2022-06-13T14:54:55+00:00","twitter_card":"summary_large_image","twitter_misc":{"Estimated reading time":"2 minutes"},"schema":{"@context":"https:\/\/schema.org","@graph":[{"@type":"WebPage","@id":"https:\/\/quinze.es\/cookies\/","url":"https:\/\/quinze.es\/cookies\/","name":"Pol\u00edtica de Cookies - Quinze","isPartOf":{"@id":"https:\/\/quinze.es\/#website"},"datePublished":"2022-04-05T15:03:20+00:00","dateModified":"2022-06-13T14:54:55+00:00","description":"Pol\u00edtica de Cookies","breadcrumb":{"@id":"https:\/\/quinze.es\/cookies\/#breadcrumb"},"inLanguage":"en-GB","potentialAction":[{"@type":"ReadAction","target":["https:\/\/quinze.es\/cookies\/"]}]},{"@type":"BreadcrumbList","@id":"https:\/\/quinze.es\/cookies\/#breadcrumb","itemListElement":[{"@type":"ListItem","position":1,"name":"Portada","item":"https:\/\/quinze.es\/"},{"@type":"ListItem","position":2,"name":"Pol\u00edtica de Cookies"}]},{"@type":"WebSite","@id":"https:\/\/quinze.es\/#website","url":"https:\/\/quinze.es\/","name":"Quinze","description":"Cocina de brasas","potentialAction":[{"@type":"SearchAction","target":{"@type":"EntryPoint","urlTemplate":"https:\/\/quinze.es\/?s={search_term_string}"},"query-input":"required name=search_term_string"}],"inLanguage":"en-GB"}]}},"_links":{"self":[{"href":"https:\/\/quinze.es\/en\/wp-json\/wp\/v2\/pages\/80","targetHints":{"allow":["GET"]}}],"collection":[{"href":"https:\/\/quinze.es\/en\/wp-json\/wp\/v2\/pages"}],"about":[{"href":"https:\/\/quinze.es\/en\/wp-json\/wp\/v2\/types\/page"}],"author":[{"embeddable":true,"href":"https:\/\/quinze.es\/en\/wp-json\/wp\/v2\/users\/1"}],"replies":[{"embeddable":true,"href":"https:\/\/quinze.es\/en\/wp-json\/wp\/v2\/comments?post=80"}],"version-history":[{"count":6,"href":"https:\/\/quinze.es\/en\/wp-json\/wp\/v2\/pages\/80\/revisions"}],"predecessor-version":[{"id":953,"href":"https:\/\/quinze.es\/en\/wp-json\/wp\/v2\/pages\/80\/revisions\/953"}],"wp:attachment":[{"href":"https:\/\/quinze.es\/en\/wp-json\/wp\/v2\/media?parent=80"}],"curies":[{"name":"wp","href":"https:\/\/api.w.org\/{rel}","templated":true}]}}