{"id":35,"date":"2022-04-04T19:51:07","date_gmt":"2022-04-04T19:51:07","guid":{"rendered":"http:\/\/quinze.es\/?page_id=35"},"modified":"2023-02-08T11:32:18","modified_gmt":"2023-02-08T10:32:18","slug":"reservar","status":"publish","type":"page","link":"https:\/\/quinze.es\/en\/reservar\/","title":{"rendered":"Reservation"},"content":{"rendered":"<div data-elementor-type=\"wp-page\" data-elementor-id=\"35\" class=\"elementor elementor-35\">\n\t\t\t\t\t\t\t\t\t<section class=\"elementor-section elementor-top-section elementor-element elementor-element-777c7d5 elementor-section-boxed elementor-section-height-default elementor-section-height-default\" data-id=\"777c7d5\" data-element_type=\"section\">\n\t\t\t\t\t\t<div class=\"elementor-container elementor-column-gap-default\">\n\t\t\t\t\t<div class=\"elementor-column elementor-col-100 elementor-top-column elementor-element elementor-element-179c542\" data-id=\"179c542\" data-element_type=\"column\">\n\t\t\t<div class=\"elementor-widget-wrap elementor-element-populated\">\n\t\t\t\t\t\t\t\t<div class=\"elementor-element elementor-element-ce65b2d elementor-widget elementor-widget-heading\" data-id=\"ce65b2d\" data-element_type=\"widget\" data-settings=\"{&quot;ekit_we_effect_on&quot;:&quot;none&quot;}\" data-widget_type=\"heading.default\">\n\t\t\t\t<div class=\"elementor-widget-container\">\n\t\t\t<style>\/*! elementor - v3.18.0 - 20-12-2023 *\/\n.elementor-heading-title{padding:0;margin:0;line-height:1}.elementor-widget-heading .elementor-heading-title[class*=elementor-size-]>a{color:inherit;font-size:inherit;line-height:inherit}.elementor-widget-heading .elementor-heading-title.elementor-size-small{font-size:15px}.elementor-widget-heading .elementor-heading-title.elementor-size-medium{font-size:19px}.elementor-widget-heading .elementor-heading-title.elementor-size-large{font-size:29px}.elementor-widget-heading .elementor-heading-title.elementor-size-xl{font-size:39px}.elementor-widget-heading .elementor-heading-title.elementor-size-xxl{font-size:59px}<\/style><h1 class=\"elementor-heading-title elementor-size-default\">Reservar en Restaurante QUINZE<\/h1>\t\t<\/div>\n\t\t\t\t<\/div>\n\t\t\t\t\t<\/div>\n\t\t<\/div>\n\t\t\t\t\t\t\t<\/div>\n\t\t<\/section>\n\t\t\t\t<section class=\"elementor-section elementor-top-section elementor-element elementor-element-98f0888 elementor-section-boxed elementor-section-height-default elementor-section-height-default\" data-id=\"98f0888\" data-element_type=\"section\" data-settings=\"{&quot;background_background&quot;:&quot;classic&quot;}\">\n\t\t\t\t\t\t<div class=\"elementor-container elementor-column-gap-default\">\n\t\t\t\t\t<div class=\"elementor-column elementor-col-100 elementor-top-column elementor-element elementor-element-4c06b25\" data-id=\"4c06b25\" data-element_type=\"column\">\n\t\t\t<div class=\"elementor-widget-wrap elementor-element-populated\">\n\t\t\t\t\t\t\t\t<div class=\"elementor-element elementor-element-e5ca04f elementor-widget elementor-widget-html\" data-id=\"e5ca04f\" data-element_type=\"widget\" data-settings=\"{&quot;ekit_we_effect_on&quot;:&quot;none&quot;}\" data-widget_type=\"html.default\">\n\t\t\t\t<div class=\"elementor-widget-container\">\n\t\t\t<div align=\"center\"><iframe src=\"https:\/\/module.lafourchette.com\/es_ES\/module\/722327-d9dd8\" style=\"width: 100{869dd9691fa35235739f6eff6cd5cff4ada76f8b9921d8cf81c1975ad707a6c9}; min-height:600px; border:none; scrolling:yes;\"><\/iframe><\/div>\t\t<\/div>\n\t\t\t\t<\/div>\n\t\t\t\t<div class=\"elementor-element elementor-element-c064047 elementor-widget elementor-widget-heading\" data-id=\"c064047\" data-element_type=\"widget\" data-settings=\"{&quot;ekit_we_effect_on&quot;:&quot;none&quot;}\" data-widget_type=\"heading.default\">\n\t\t\t\t<div class=\"elementor-widget-container\">\n\t\t\t<h1 class=\"elementor-heading-title elementor-size-default\">Arroces y Paellas<\/h1>\t\t<\/div>\n\t\t\t\t<\/div>\n\t\t\t\t<div class=\"elementor-element elementor-element-c7a9167 elementor-widget elementor-widget-heading\" data-id=\"c7a9167\" data-element_type=\"widget\" data-settings=\"{&quot;ekit_we_effect_on&quot;:&quot;none&quot;}\" data-widget_type=\"heading.default\">\n\t\t\t\t<div class=\"elementor-widget-container\">\n\t\t\t<h1 class=\"elementor-heading-title elementor-size-default\"><a href=\"https:\/\/quinze.es\/en\/platos-del-dia\/\" target=\"_blank\">Estos platos se elaboran al momento y pueden tardar m\u00e1s de 40 minutos. <\/br>\nse recomienda reservarlos previamente para que est\u00e9n listos al llegar.<\/a><\/h1>\t\t<\/div>\n\t\t\t\t<\/div>\n\t\t\t\t<section class=\"elementor-section elementor-inner-section elementor-element elementor-element-89dc1a5 elementor-section-boxed elementor-section-height-default elementor-section-height-default\" data-id=\"89dc1a5\" data-element_type=\"section\">\n\t\t\t\t\t\t<div class=\"elementor-container elementor-column-gap-default\">\n\t\t\t\t\t<div class=\"elementor-column elementor-col-20 elementor-inner-column elementor-element elementor-element-1be90e7\" data-id=\"1be90e7\" data-element_type=\"column\">\n\t\t\t<div class=\"elementor-widget-wrap\">\n\t\t\t\t\t\t\t\t\t<\/div>\n\t\t<\/div>\n\t\t\t\t<div class=\"elementor-column elementor-col-20 elementor-inner-column elementor-element elementor-element-409ed5a\" data-id=\"409ed5a\" data-element_type=\"column\">\n\t\t\t<div class=\"elementor-widget-wrap elementor-element-populated\">\n\t\t\t\t\t\t\t\t<div class=\"elementor-element elementor-element-f991594 elementor-widget elementor-widget-text-editor\" data-id=\"f991594\" data-element_type=\"widget\" data-settings=\"{&quot;ekit_we_effect_on&quot;:&quot;none&quot;}\" data-widget_type=\"text-editor.default\">\n\t\t\t\t<div class=\"elementor-widget-container\">\n\t\t\t<style>\/*! elementor - v3.18.0 - 20-12-2023 *\/\n.elementor-widget-text-editor.elementor-drop-cap-view-stacked .elementor-drop-cap{background-color:#69727d;color:#fff}.elementor-widget-text-editor.elementor-drop-cap-view-framed .elementor-drop-cap{color:#69727d;border:3px solid;background-color:transparent}.elementor-widget-text-editor:not(.elementor-drop-cap-view-default) .elementor-drop-cap{margin-top:8px}.elementor-widget-text-editor:not(.elementor-drop-cap-view-default) .elementor-drop-cap-letter{width:1em;height:1em}.elementor-widget-text-editor .elementor-drop-cap{float:left;text-align:center;line-height:1;font-size:50px}.elementor-widget-text-editor .elementor-drop-cap-letter{display:inline-block}<\/style>\t\t\t\t<div id=\"comp-l0qq9zr4\" class=\"_2Hij5\" data-testid=\"richTextElement\"><p class=\"font_8\" style=\"text-align: center;\"><b>Paella Valenciana<\/b><br \/><strong style=\"color: var( --e-global-color-text );\">17\u20ac\/persona<\/strong><\/p><\/div>\t\t\t\t\t\t<\/div>\n\t\t\t\t<\/div>\n\t\t\t\t<div class=\"elementor-element elementor-element-f2760a9 elementor-widget elementor-widget-text-editor\" data-id=\"f2760a9\" data-element_type=\"widget\" data-settings=\"{&quot;ekit_we_effect_on&quot;:&quot;none&quot;}\" data-widget_type=\"text-editor.default\">\n\t\t\t\t<div class=\"elementor-widget-container\">\n\t\t\t\t\t\t\t<div id=\"comp-l0qq9zr4\" class=\"_2Hij5\" data-testid=\"richTextElement\"><p class=\"font_8\" style=\"text-align: center;\"><b>Fideu\u00e1<\/b><br \/><strong style=\"color: var( --e-global-color-text );\">20\u20ac\/persona<\/strong><\/p><\/div>\t\t\t\t\t\t<\/div>\n\t\t\t\t<\/div>\n\t\t\t\t\t<\/div>\n\t\t<\/div>\n\t\t\t\t<div class=\"elementor-column elementor-col-20 elementor-inner-column elementor-element elementor-element-d3cda5b\" data-id=\"d3cda5b\" data-element_type=\"column\">\n\t\t\t<div class=\"elementor-widget-wrap elementor-element-populated\">\n\t\t\t\t\t\t\t\t<div class=\"elementor-element elementor-element-ddfc11f elementor-widget elementor-widget-text-editor\" data-id=\"ddfc11f\" data-element_type=\"widget\" data-settings=\"{&quot;ekit_we_effect_on&quot;:&quot;none&quot;}\" data-widget_type=\"text-editor.default\">\n\t\t\t\t<div class=\"elementor-widget-container\">\n\t\t\t\t\t\t\t<div id=\"comp-l0ofi18u\" class=\"_2Hij5\" data-testid=\"richTextElement\"><p class=\"font_8\" style=\"text-align: center;\"><strong>Arroz de Bogavante<\/strong><br \/><strong style=\"color: var( --e-global-color-text );\">25\u20ac\/persona<\/strong><\/p><\/div>\t\t\t\t\t\t<\/div>\n\t\t\t\t<\/div>\n\t\t\t\t<div class=\"elementor-element elementor-element-802af51 elementor-widget elementor-widget-text-editor\" data-id=\"802af51\" data-element_type=\"widget\" data-settings=\"{&quot;ekit_we_effect_on&quot;:&quot;none&quot;}\" data-widget_type=\"text-editor.default\">\n\t\t\t\t<div class=\"elementor-widget-container\">\n\t\t\t\t\t\t\t<div id=\"comp-l0ofi18u\" class=\"_2Hij5\" data-testid=\"richTextElement\"><p class=\"font_8\" style=\"text-align: center;\"><strong>Arroz de Secreto<br \/><\/strong>con alcachofas o boletus seg\u00fan temporada<strong><br \/><\/strong><strong style=\"color: var( --e-global-color-text );\">20\u20ac\/persona<\/strong><\/p><\/div>\t\t\t\t\t\t<\/div>\n\t\t\t\t<\/div>\n\t\t\t\t\t<\/div>\n\t\t<\/div>\n\t\t\t\t<div class=\"elementor-column elementor-col-20 elementor-inner-column elementor-element elementor-element-c716773\" data-id=\"c716773\" data-element_type=\"column\">\n\t\t\t<div class=\"elementor-widget-wrap elementor-element-populated\">\n\t\t\t\t\t\t\t\t<div class=\"elementor-element elementor-element-83ae358 elementor-widget elementor-widget-text-editor\" data-id=\"83ae358\" data-element_type=\"widget\" data-settings=\"{&quot;ekit_we_effect_on&quot;:&quot;none&quot;}\" data-widget_type=\"text-editor.default\">\n\t\t\t\t<div class=\"elementor-widget-container\">\n\t\t\t\t\t\t\t<div id=\"comp-l0ofi1c8\" class=\"_2Hij5\" data-testid=\"richTextElement\"><div id=\"comp-l0ofi1c8\" class=\"_2Hij5\" data-testid=\"richTextElement\"><p class=\"font_8\" style=\"text-align: center;\"><strong>Arroz del Se\u00f1oret<\/strong><br \/><strong style=\"color: var( --e-global-color-text );\">20\u20ac\/persona<\/strong><\/p><\/div><\/div>\t\t\t\t\t\t<\/div>\n\t\t\t\t<\/div>\n\t\t\t\t<div class=\"elementor-element elementor-element-f94a7f7 elementor-widget elementor-widget-text-editor\" data-id=\"f94a7f7\" data-element_type=\"widget\" data-settings=\"{&quot;ekit_we_effect_on&quot;:&quot;none&quot;}\" data-widget_type=\"text-editor.default\">\n\t\t\t\t<div class=\"elementor-widget-container\">\n\t\t\t\t\t\t\t<div id=\"comp-l0ofi1c8\" class=\"_2Hij5\" data-testid=\"richTextElement\"><div id=\"comp-l0ofi1c8\" class=\"_2Hij5\" data-testid=\"richTextElement\"><p class=\"font_8\" style=\"text-align: center;\"><strong>Arroz Meloso de Oreja<br \/><\/strong><strong style=\"color: var( --e-global-color-text );\">17\u20ac\/persona<\/strong><\/p><\/div><\/div>\t\t\t\t\t\t<\/div>\n\t\t\t\t<\/div>\n\t\t\t\t\t<\/div>\n\t\t<\/div>\n\t\t\t\t<div class=\"elementor-column elementor-col-20 elementor-inner-column elementor-element elementor-element-5d4adc4\" data-id=\"5d4adc4\" data-element_type=\"column\">\n\t\t\t<div class=\"elementor-widget-wrap\">\n\t\t\t\t\t\t\t\t\t<\/div>\n\t\t<\/div>\n\t\t\t\t\t\t\t<\/div>\n\t\t<\/section>\n\t\t\t\t<div class=\"elementor-element elementor-element-088d6e3 elementor-widget elementor-widget-heading\" data-id=\"088d6e3\" data-element_type=\"widget\" data-settings=\"{&quot;ekit_we_effect_on&quot;:&quot;none&quot;}\" data-widget_type=\"heading.default\">\n\t\t\t\t<div class=\"elementor-widget-container\">\n\t\t\t<h1 class=\"elementor-heading-title elementor-size-default\">S\u00f3lo por encargo<\/h1>\t\t<\/div>\n\t\t\t\t<\/div>\n\t\t\t\t<div class=\"elementor-element elementor-element-b05ac2b elementor-widget elementor-widget-heading\" data-id=\"b05ac2b\" data-element_type=\"widget\" data-settings=\"{&quot;ekit_we_effect_on&quot;:&quot;none&quot;}\" data-widget_type=\"heading.default\">\n\t\t\t\t<div class=\"elementor-widget-container\">\n\t\t\t<h1 class=\"elementor-heading-title elementor-size-default\"><a href=\"https:\/\/quinze.es\/en\/platos-del-dia\/\" target=\"_blank\">Estos platos se elaboran s\u00f3lo por encargo con pedido anticipado de m\u00ednimo 3 d\u00edas<\/a><\/h1>\t\t<\/div>\n\t\t\t\t<\/div>\n\t\t\t\t<section class=\"elementor-section elementor-inner-section elementor-element elementor-element-7d7d04b elementor-section-boxed elementor-section-height-default elementor-section-height-default\" data-id=\"7d7d04b\" data-element_type=\"section\">\n\t\t\t\t\t\t<div class=\"elementor-container elementor-column-gap-default\">\n\t\t\t\t\t<div class=\"elementor-column elementor-col-25 elementor-inner-column elementor-element elementor-element-80deaad\" data-id=\"80deaad\" data-element_type=\"column\">\n\t\t\t<div class=\"elementor-widget-wrap\">\n\t\t\t\t\t\t\t\t\t<\/div>\n\t\t<\/div>\n\t\t\t\t<div class=\"elementor-column elementor-col-25 elementor-inner-column elementor-element elementor-element-65bcef3\" data-id=\"65bcef3\" data-element_type=\"column\">\n\t\t\t<div class=\"elementor-widget-wrap elementor-element-populated\">\n\t\t\t\t\t\t\t\t<div class=\"elementor-element elementor-element-a435e08 elementor-widget elementor-widget-text-editor\" data-id=\"a435e08\" data-element_type=\"widget\" data-settings=\"{&quot;ekit_we_effect_on&quot;:&quot;none&quot;}\" data-widget_type=\"text-editor.default\">\n\t\t\t\t<div class=\"elementor-widget-container\">\n\t\t\t\t\t\t\t<div id=\"comp-l0qq9zr4\" class=\"_2Hij5\" data-testid=\"richTextElement\"><p class=\"font_8\" style=\"text-align: center;\"><strong>Cocido Valenciano<\/strong><br \/><strong style=\"color: var( --e-global-color-text );\">25\u20ac\/persona<\/strong><\/p><\/div>\t\t\t\t\t\t<\/div>\n\t\t\t\t<\/div>\n\t\t\t\t\t<\/div>\n\t\t<\/div>\n\t\t\t\t<div class=\"elementor-column elementor-col-25 elementor-inner-column elementor-element elementor-element-b7de2ce\" data-id=\"b7de2ce\" data-element_type=\"column\">\n\t\t\t<div class=\"elementor-widget-wrap elementor-element-populated\">\n\t\t\t\t\t\t\t\t<div class=\"elementor-element elementor-element-f99af9d elementor-widget elementor-widget-text-editor\" data-id=\"f99af9d\" data-element_type=\"widget\" data-settings=\"{&quot;ekit_we_effect_on&quot;:&quot;none&quot;}\" data-widget_type=\"text-editor.default\">\n\t\t\t\t<div class=\"elementor-widget-container\">\n\t\t\t\t\t\t\t<div id=\"comp-l0qq9zr4\" class=\"_2Hij5\" data-testid=\"richTextElement\"><p class=\"font_8\" style=\"text-align: center;\"><strong>Arroz al Horno<\/strong><br \/><strong style=\"color: var( --e-global-color-text );\">20\u20ac\/persona<\/strong><\/p><\/div>\t\t\t\t\t\t<\/div>\n\t\t\t\t<\/div>\n\t\t\t\t\t<\/div>\n\t\t<\/div>\n\t\t\t\t<div class=\"elementor-column elementor-col-25 elementor-inner-column elementor-element elementor-element-a3f0dbd\" data-id=\"a3f0dbd\" data-element_type=\"column\">\n\t\t\t<div class=\"elementor-widget-wrap\">\n\t\t\t\t\t\t\t\t\t<\/div>\n\t\t<\/div>\n\t\t\t\t\t\t\t<\/div>\n\t\t<\/section>\n\t\t\t\t\t<\/div>\n\t\t<\/div>\n\t\t\t\t\t\t\t<\/div>\n\t\t<\/section>\n\t\t\t\t<section class=\"elementor-section elementor-top-section elementor-element elementor-element-218fb3d8 elementor-section-boxed elementor-section-height-default elementor-section-height-default\" data-id=\"218fb3d8\" data-element_type=\"section\" data-settings=\"{&quot;background_background&quot;:&quot;classic&quot;}\">\n\t\t\t\t\t\t<div class=\"elementor-container elementor-column-gap-default\">\n\t\t\t\t\t<div class=\"elementor-column elementor-col-50 elementor-top-column elementor-element elementor-element-5ed1d301\" data-id=\"5ed1d301\" data-element_type=\"column\">\n\t\t\t<div class=\"elementor-widget-wrap elementor-element-populated\">\n\t\t\t\t\t\t\t\t<div class=\"elementor-element elementor-element-4c8cbcee elementor-widget elementor-widget-heading\" data-id=\"4c8cbcee\" data-element_type=\"widget\" data-settings=\"{&quot;ekit_we_effect_on&quot;:&quot;none&quot;}\" data-widget_type=\"heading.default\">\n\t\t\t\t<div class=\"elementor-widget-container\">\n\t\t\t<span class=\"elementor-heading-title elementor-size-default\"><a href=\"http:\/\/quinze,es\/privacy-policy\">Pol\u00edtica de Privacidad<\/a><\/span>\t\t<\/div>\n\t\t\t\t<\/div>\n\t\t\t\t\t<\/div>\n\t\t<\/div>\n\t\t\t\t<div class=\"elementor-column elementor-col-50 elementor-top-column elementor-element elementor-element-43312a9\" data-id=\"43312a9\" data-element_type=\"column\">\n\t\t\t<div class=\"elementor-widget-wrap elementor-element-populated\">\n\t\t\t\t\t\t\t\t<div class=\"elementor-element elementor-element-5d1ec135 elementor-widget elementor-widget-heading\" data-id=\"5d1ec135\" data-element_type=\"widget\" data-settings=\"{&quot;ekit_we_effect_on&quot;:&quot;none&quot;}\" data-widget_type=\"heading.default\">\n\t\t\t\t<div class=\"elementor-widget-container\">\n\t\t\t<span class=\"elementor-heading-title elementor-size-default\"><a href=\"https:\/\/quinze.es\/en\/cookies\/\">Pol\u00edtica de Cookies<\/a><\/span>\t\t<\/div>\n\t\t\t\t<\/div>\n\t\t\t\t\t<\/div>\n\t\t<\/div>\n\t\t\t\t\t\t\t<\/div>\n\t\t<\/section>\n\t\t\t\t\t\t\t<\/div>","protected":false},"excerpt":{"rendered":"<p>Reservar en Restaurante QUINZE Arroces y Paellas Estos platos se elaboran al momento y pueden tardar m\u00e1s de 40 minutos. se recomienda reservarlos previamente para que est\u00e9n listos al llegar. Paella Valenciana17\u20ac\/persona Fideu\u00e120\u20ac\/persona Arroz de Bogavante25\u20ac\/persona Arroz de Secretocon alcachofas o boletus seg\u00fan temporada20\u20ac\/persona Arroz del Se\u00f1oret20\u20ac\/persona Arroz Meloso de Oreja17\u20ac\/persona S\u00f3lo por encargo Estos &hellip;<\/p>\n<p class=\"read-more\"> <a class=\"\" href=\"https:\/\/quinze.es\/en\/reservar\/\"> <span class=\"screen-reader-text\">Reservation<\/span> Read More &raquo;<\/a><\/p>","protected":false},"author":1,"featured_media":678,"parent":0,"menu_order":0,"comment_status":"closed","ping_status":"closed","template":"elementor_header_footer","meta":{"site-sidebar-layout":"no-sidebar","site-content-layout":"page-builder","ast-global-header-display":"","ast-main-header-display":"","ast-hfb-above-header-display":"","ast-hfb-below-header-display":"","ast-hfb-mobile-header-display":"","site-post-title":"disabled","ast-breadcrumbs-content":"","ast-featured-img":"disabled","footer-sml-layout":"","theme-transparent-header-meta":"","adv-header-id-meta":"","stick-header-meta":"","header-above-stick-meta":"","header-main-stick-meta":"","header-below-stick-meta":"","footnotes":""},"class_list":["post-35","page","type-page","status-publish","has-post-thumbnail","hentry"],"yoast_head":"<!-- This site is optimized with the Yoast SEO plugin v21.8 - https:\/\/yoast.com\/wordpress\/plugins\/seo\/ -->\n<title>Restaurante Quinze \u2b50\u2b50\u2b50\u2b50\u2b50 Salamanca 15, 46005 Valencia, Spain<\/title>\n<meta name=\"description\" content=\"Reservar en Restaurante QUINZE. Cocina tradicional de pueblo y barrio con un toque vanguardista y brasa! Plato del D\u00eda 6,9 \u20ac\" \/>\n<meta name=\"robots\" content=\"index, follow, max-snippet:-1, max-image-preview:large, max-video-preview:-1\" \/>\n<link rel=\"canonical\" href=\"https:\/\/quinze.es\/en\/reservar\/\" \/>\n<meta property=\"og:locale\" content=\"en_GB\" \/>\n<meta property=\"og:type\" content=\"article\" \/>\n<meta property=\"og:title\" content=\"Restaurante Quinze \u2b50\u2b50\u2b50\u2b50\u2b50 Salamanca 15, 46005 Valencia, Spain\" \/>\n<meta property=\"og:description\" content=\"Reservar en Restaurante QUINZE. Cocina tradicional de pueblo y barrio con un toque vanguardista y brasa! Plato del D\u00eda 6,9 \u20ac\" \/>\n<meta property=\"og:url\" content=\"https:\/\/quinze.es\/en\/reservar\/\" \/>\n<meta property=\"og:site_name\" content=\"Quinze\" \/>\n<meta property=\"article:modified_time\" content=\"2023-02-08T10:32:18+00:00\" \/>\n<meta property=\"og:image\" content=\"https:\/\/quinze.es\/wp-content\/uploads\/2022\/04\/wqddqwdqwqw.png\" \/>\n\t<meta property=\"og:image:width\" content=\"366\" \/>\n\t<meta property=\"og:image:height\" content=\"361\" \/>\n\t<meta property=\"og:image:type\" content=\"image\/png\" \/>\n<meta name=\"twitter:card\" content=\"summary_large_image\" \/>\n<meta name=\"twitter:label1\" content=\"Estimated reading time\" \/>\n\t<meta name=\"twitter:data1\" content=\"1 minute\" \/>\n<script type=\"application\/ld+json\" class=\"yoast-schema-graph\">{\"@context\":\"https:\/\/schema.org\",\"@graph\":[{\"@type\":\"WebPage\",\"@id\":\"https:\/\/quinze.es\/reservar\/\",\"url\":\"https:\/\/quinze.es\/reservar\/\",\"name\":\"Restaurante Quinze \u2b50\u2b50\u2b50\u2b50\u2b50 Salamanca 15, 46005 Valencia, Spain\",\"isPartOf\":{\"@id\":\"https:\/\/quinze.es\/#website\"},\"datePublished\":\"2022-04-04T19:51:07+00:00\",\"dateModified\":\"2023-02-08T10:32:18+00:00\",\"description\":\"Reservar en Restaurante QUINZE. Cocina tradicional de pueblo y barrio con un toque vanguardista y brasa! Plato del D\u00eda 6,9 \u20ac\",\"breadcrumb\":{\"@id\":\"https:\/\/quinze.es\/reservar\/#breadcrumb\"},\"inLanguage\":\"en-GB\",\"potentialAction\":[{\"@type\":\"ReadAction\",\"target\":[\"https:\/\/quinze.es\/reservar\/\"]}]},{\"@type\":\"BreadcrumbList\",\"@id\":\"https:\/\/quinze.es\/reservar\/#breadcrumb\",\"itemListElement\":[{\"@type\":\"ListItem\",\"position\":1,\"name\":\"Portada\",\"item\":\"https:\/\/quinze.es\/\"},{\"@type\":\"ListItem\",\"position\":2,\"name\":\"Reservar\"}]},{\"@type\":\"WebSite\",\"@id\":\"https:\/\/quinze.es\/#website\",\"url\":\"https:\/\/quinze.es\/\",\"name\":\"Quinze\",\"description\":\"Cocina de brasas\",\"potentialAction\":[{\"@type\":\"SearchAction\",\"target\":{\"@type\":\"EntryPoint\",\"urlTemplate\":\"https:\/\/quinze.es\/?s={search_term_string}\"},\"query-input\":\"required name=search_term_string\"}],\"inLanguage\":\"en-GB\"}]}<\/script>\n<!-- \/ Yoast SEO plugin. -->","yoast_head_json":{"title":"Restaurante Quinze \u2b50\u2b50\u2b50\u2b50\u2b50 Salamanca 15, 46005 Valencia, Spain","description":"Reservar en Restaurante QUINZE. Cocina tradicional de pueblo y barrio con un toque vanguardista y brasa! Plato del D\u00eda 6,9 \u20ac","robots":{"index":"index","follow":"follow","max-snippet":"max-snippet:-1","max-image-preview":"max-image-preview:large","max-video-preview":"max-video-preview:-1"},"canonical":"https:\/\/quinze.es\/en\/reservar\/","og_locale":"en_GB","og_type":"article","og_title":"Restaurante Quinze \u2b50\u2b50\u2b50\u2b50\u2b50 Salamanca 15, 46005 Valencia, Spain","og_description":"Reservar en Restaurante QUINZE. Cocina tradicional de pueblo y barrio con un toque vanguardista y brasa! Plato del D\u00eda 6,9 \u20ac","og_url":"https:\/\/quinze.es\/en\/reservar\/","og_site_name":"Quinze","article_modified_time":"2023-02-08T10:32:18+00:00","og_image":[{"width":366,"height":361,"url":"https:\/\/quinze.es\/wp-content\/uploads\/2022\/04\/wqddqwdqwqw.png","type":"image\/png"}],"twitter_card":"summary_large_image","twitter_misc":{"Estimated reading time":"1 minute"},"schema":{"@context":"https:\/\/schema.org","@graph":[{"@type":"WebPage","@id":"https:\/\/quinze.es\/reservar\/","url":"https:\/\/quinze.es\/reservar\/","name":"Restaurante Quinze \u2b50\u2b50\u2b50\u2b50\u2b50 Salamanca 15, 46005 Valencia, Spain","isPartOf":{"@id":"https:\/\/quinze.es\/#website"},"datePublished":"2022-04-04T19:51:07+00:00","dateModified":"2023-02-08T10:32:18+00:00","description":"Reservar en Restaurante QUINZE. Cocina tradicional de pueblo y barrio con un toque vanguardista y brasa! Plato del D\u00eda 6,9 \u20ac","breadcrumb":{"@id":"https:\/\/quinze.es\/reservar\/#breadcrumb"},"inLanguage":"en-GB","potentialAction":[{"@type":"ReadAction","target":["https:\/\/quinze.es\/reservar\/"]}]},{"@type":"BreadcrumbList","@id":"https:\/\/quinze.es\/reservar\/#breadcrumb","itemListElement":[{"@type":"ListItem","position":1,"name":"Portada","item":"https:\/\/quinze.es\/"},{"@type":"ListItem","position":2,"name":"Reservar"}]},{"@type":"WebSite","@id":"https:\/\/quinze.es\/#website","url":"https:\/\/quinze.es\/","name":"Quinze","description":"Cocina de brasas","potentialAction":[{"@type":"SearchAction","target":{"@type":"EntryPoint","urlTemplate":"https:\/\/quinze.es\/?s={search_term_string}"},"query-input":"required name=search_term_string"}],"inLanguage":"en-GB"}]}},"_links":{"self":[{"href":"https:\/\/quinze.es\/en\/wp-json\/wp\/v2\/pages\/35","targetHints":{"allow":["GET"]}}],"collection":[{"href":"https:\/\/quinze.es\/en\/wp-json\/wp\/v2\/pages"}],"about":[{"href":"https:\/\/quinze.es\/en\/wp-json\/wp\/v2\/types\/page"}],"author":[{"embeddable":true,"href":"https:\/\/quinze.es\/en\/wp-json\/wp\/v2\/users\/1"}],"replies":[{"embeddable":true,"href":"https:\/\/quinze.es\/en\/wp-json\/wp\/v2\/comments?post=35"}],"version-history":[{"count":38,"href":"https:\/\/quinze.es\/en\/wp-json\/wp\/v2\/pages\/35\/revisions"}],"predecessor-version":[{"id":1350,"href":"https:\/\/quinze.es\/en\/wp-json\/wp\/v2\/pages\/35\/revisions\/1350"}],"wp:featuredmedia":[{"embeddable":true,"href":"https:\/\/quinze.es\/en\/wp-json\/wp\/v2\/media\/678"}],"wp:attachment":[{"href":"https:\/\/quinze.es\/en\/wp-json\/wp\/v2\/media?parent=35"}],"curies":[{"name":"wp","href":"https:\/\/api.w.org\/{rel}","templated":true}]}}