{"id":3,"date":"2022-04-04T15:24:35","date_gmt":"2022-04-04T15:24:35","guid":{"rendered":"http:\/\/quinze.es\/?page_id=3"},"modified":"2022-06-13T15:04:45","modified_gmt":"2022-06-13T15:04:45","slug":"privacy-policy","status":"publish","type":"page","link":"https:\/\/quinze.es\/en\/privacy-policy\/","title":{"rendered":"Privacy Policy"},"content":{"rendered":"<div data-elementor-type=\"wp-page\" data-elementor-id=\"3\" class=\"elementor elementor-3\">\n\t\t\t\t\t\t\t\t\t<section class=\"elementor-section elementor-top-section elementor-element elementor-element-243a8a0 elementor-section-boxed elementor-section-height-default elementor-section-height-default\" data-id=\"243a8a0\" data-element_type=\"section\">\n\t\t\t\t\t\t<div class=\"elementor-container elementor-column-gap-default\">\n\t\t\t\t\t<div class=\"elementor-column elementor-col-33 elementor-top-column elementor-element elementor-element-470e7b7\" data-id=\"470e7b7\" data-element_type=\"column\">\n\t\t\t<div class=\"elementor-widget-wrap\">\n\t\t\t\t\t\t\t\t\t<\/div>\n\t\t<\/div>\n\t\t\t\t<div class=\"elementor-column elementor-col-33 elementor-top-column elementor-element elementor-element-771ce06b\" data-id=\"771ce06b\" data-element_type=\"column\" data-settings=\"{&quot;background_background&quot;:&quot;classic&quot;}\">\n\t\t\t<div class=\"elementor-widget-wrap elementor-element-populated\">\n\t\t\t\t\t\t\t\t<div class=\"elementor-element elementor-element-76e031f elementor-widget elementor-widget-heading\" data-id=\"76e031f\" data-element_type=\"widget\" data-settings=\"{&quot;ekit_we_effect_on&quot;:&quot;none&quot;}\" data-widget_type=\"heading.default\">\n\t\t\t\t<div class=\"elementor-widget-container\">\n\t\t\t<style>\/*! elementor - v3.18.0 - 20-12-2023 *\/\n.elementor-heading-title{padding:0;margin:0;line-height:1}.elementor-widget-heading .elementor-heading-title[class*=elementor-size-]>a{color:inherit;font-size:inherit;line-height:inherit}.elementor-widget-heading .elementor-heading-title.elementor-size-small{font-size:15px}.elementor-widget-heading .elementor-heading-title.elementor-size-medium{font-size:19px}.elementor-widget-heading .elementor-heading-title.elementor-size-large{font-size:29px}.elementor-widget-heading .elementor-heading-title.elementor-size-xl{font-size:39px}.elementor-widget-heading .elementor-heading-title.elementor-size-xxl{font-size:59px}<\/style><h2 class=\"elementor-heading-title elementor-size-default\">Aviso Legal y Pol\u00edtica de privacidad<\/h2>\t\t<\/div>\n\t\t\t\t<\/div>\n\t\t\t\t<div class=\"elementor-element elementor-element-1f335cf2 elementor-widget elementor-widget-text-editor\" data-id=\"1f335cf2\" data-element_type=\"widget\" data-settings=\"{&quot;ekit_we_effect_on&quot;:&quot;none&quot;}\" data-widget_type=\"text-editor.default\">\n\t\t\t\t<div class=\"elementor-widget-container\">\n\t\t\t<style>\/*! elementor - v3.18.0 - 20-12-2023 *\/\n.elementor-widget-text-editor.elementor-drop-cap-view-stacked .elementor-drop-cap{background-color:#69727d;color:#fff}.elementor-widget-text-editor.elementor-drop-cap-view-framed .elementor-drop-cap{color:#69727d;border:3px solid;background-color:transparent}.elementor-widget-text-editor:not(.elementor-drop-cap-view-default) .elementor-drop-cap{margin-top:8px}.elementor-widget-text-editor:not(.elementor-drop-cap-view-default) .elementor-drop-cap-letter{width:1em;height:1em}.elementor-widget-text-editor .elementor-drop-cap{float:left;text-align:center;line-height:1;font-size:50px}.elementor-widget-text-editor .elementor-drop-cap-letter{display:inline-block}<\/style>\t\t\t\t<!-- wp:heading -->\n<p>\u00a0<\/p>\n<p class=\"font_8\">Siguiente informaci\u00f3n:<\/p>\n<p class=\"font_8\">Ecoservy Emprendimientos, S.L. y como titular de la p\u00e1gina:\u00a0<a href=\"https:\/\/quinze.es\/en\/\" target=\"_blank\" rel=\"noopener\" data-auto-recognition=\"true\">https:\/\/www.quinze.es\/<\/a>\u00a0(todos los derechos reservados), comunica que el presente Aviso Legal, ha sido elaborado de conformidad con la ley 34\/2002 de 11 de julio Servicios de la Sociedad de la Informaci\u00f3n y Comercio Electr\u00f3nico, Ley 15\/1999 de 13 de diciembre LOPD Ley Org\u00e1nica de Protecci\u00f3n de Datos y otras normativas relacionadas, con el objeto de regular el uso de la p\u00e1gina de internet.<\/p>\n<p class=\"font_8\"><span class=\"wixGuard\">\u200b<\/span><\/p>\n<p class=\"font_8\">ECOSERVY EMPRENDIMIENTOS, S.L.<\/p>\n<p class=\"font_8\">Plaza Jos\u00e9 Mar\u00eda Gim\u00e9nez Fayos, 4-1-1-3<\/p>\n<p class=\"font_8\">46025 Valencia<\/p>\n<p class=\"font_8\">CIF.: B98873672<\/p>\n<p class=\"font_8\"><a href=\"mailto:info@quinze.es\" data-auto-recognition=\"true\">info@quinze.es<\/a><\/p>\n<p class=\"font_8\">Registro Mercantil de VALENCIA Tomo 10209, Libro 7491, Folio 122, Secci\u00f3n 8, Hoja V-173710, Inscripci\u00f3n 4\u00aa<\/p>\n<p class=\"font_8\">\u00a0<\/p>\n<p class=\"font_8\">2 \u2013 Pol\u00edtica de privacidad<\/p>\n<p class=\"font_8\">Ecoservy Emprendimientos, S.L. informa a los usuarios del sitio web sobre su pol\u00edtica respecto del tratamiento y protecci\u00f3n de los datos de car\u00e1cter personal de los usuarios y clientes que puedan ser recabados por la navegaci\u00f3n o contrataci\u00f3n de servicios a trav\u00e9s de su sitio web. En este sentido, Ecoservy Emprendimientos, S.L. garantiza el cumplimiento de la normativa vigente en materia de protecci\u00f3n de datos personales, reflejada en la Ley Org\u00e1nica 15\/1999 de 13 de diciembre, de Protecci\u00f3n de Datos de Car\u00e1cter Personal y en el Real Decreto 1720\/2007, de 21 diciembre, por el que se aprueba el Reglamento de Desarrollo de la LOPD. El uso de esta web implica la aceptaci\u00f3n de esta pol\u00edtica de privacidad.<\/p>\n<p class=\"font_8\">\u00a0<\/p>\n<p class=\"font_8\">3 \u2013 Recogida, finalidad y tratamientos de datos<\/p>\n<p class=\"font_8\">Ecoservy Emprendimientos, S.L. tiene el deber de informar a los usuarios de su sitio web acerca de la recogida de datos de car\u00e1cter personal que pueden llevarse a cabo, bien sea mediante el env\u00edo de correo electr\u00f3nico o al cumplimentar los formularios incluidos en el sitio web. En este sentido, Ecoservy Emprendimientos, S.L. ser\u00e1 considerada como responsable de los datos recabados mediante los medios anteriormente descritos. A su vez Ecoservy Emprendimientos, S.L. informa a los usuarios de que la finalidad del tratamiento de los datos recabados contempla: La atenci\u00f3n de solicitudes realizadas por los usuarios, la inclusi\u00f3n en la agenda de contactos, la prestaci\u00f3n de servicios, la gesti\u00f3n de la relaci\u00f3n comercial y otras finalidades (INDICAR) Las operaciones, gestiones y procedimientos t\u00e9cnicos que se realicen de forma automatizada o no automatizada y que posibiliten la recogida, el almacenamiento, la modificaci\u00f3n, la transferencia y otras acciones sobre datos de car\u00e1cter personal, tienen la consideraci\u00f3n de tratamiento de datos personales. Todos los datos personales, que sean recogidos a trav\u00e9s del sitio web de Ecoservy Emprendimientos, S.L., y por tanto tenga la consideraci\u00f3n de tratamiento de datos de car\u00e1cter personal, ser\u00e1n incorporados en los ficheros declarados ante la Agencia Espa\u00f1ola de Protecci\u00f3n de Datos por Ecoservy Emprendimientos, S.L. .<\/p>\n<p class=\"font_8\">\u00a0<\/p>\n<p class=\"font_8\">\u00a04 \u2013 Comunicaci\u00f3n de informaci\u00f3n a terceros<\/p>\n<p class=\"font_8\">Ecoservy Emprendimientos, S.L. informa a los usuarios de que sus datos personales no ser\u00e1n cedidos a terceras organizaciones, con la salvedad de que dicha cesi\u00f3n de datos este amparada en una obligaci\u00f3n legal o cuando la prestaci\u00f3n de un servicio implique la necesidad de una relaci\u00f3n contractual con un encargado de tratamiento. En este \u00faltimo caso, solo se llevar\u00e1 a cabo la cesi\u00f3n de datos al tercero cuando Ecoservy Emprendimientos, S.L. disponga del consentimiento expreso del usuario.<\/p>\n<p class=\"font_8\">\u00a0<\/p>\n<p class=\"font_8\">5 \u2013 Derechos de usuario<\/p>\n<p class=\"font_8\">La Ley Org\u00e1nica 15\/1999, de 13 de diciembre, de Protecci\u00f3n de Datos de Car\u00e1cter Personal concede a los interesados la posibilidad de ejercer una serie de derechos relacionados con el tratamiento de sus datos personales.<\/p>\n<p class=\"font_8\">En tanto en cuanto los datos del usuario son objeto de tratamiento por parte de Ecoservy Emprendimientos, S.L. Los usuarios podr\u00e1n ejercer los derechos de acceso, rectificaci\u00f3n, cancelaci\u00f3n y oposici\u00f3n de acuerdo con lo previsto en la normativa legal vigente en materia de protecci\u00f3n de datos personales.<\/p>\n<p class=\"font_8\">Para hacer uso del ejercicio de estos derechos, el usuario deber\u00e1 dirigirse mediante comunicaci\u00f3n escrita, aportando documentaci\u00f3n que acredite su identidad (DNI o pasaporte), a la siguiente direcci\u00f3n: Plaza Jos\u00e9 Mar\u00eda Gim\u00e9nez Fayos, 4-1-3 \u2013 46025 Valencia. Email:\u00a0<a href=\"mailto:info@quinze.es\" data-auto-recognition=\"true\">info@quinze.es<\/a>, o la direcci\u00f3n que sea sustituida en el Registro General de Protecci\u00f3n de Datos. Dicha comunicaci\u00f3n deber\u00e1 reflejar la siguiente informaci\u00f3n: Nombre y apellidos del usuario, la petici\u00f3n de solicitud, el domicilio y los datos acreditativos.<\/p>\n<p class=\"font_8\">El ejercicio de derechos deber\u00e1 ser realizado por el propio usuario. No obstante, podr\u00e1n ser ejecutados por una persona autorizada como representante legal del autorizado. En tal caso, se deber\u00e1 aportar la documentaci\u00f3n que acredite esta representaci\u00f3n del interesado.<\/p>\n<!-- \/wp:heading --><!-- wp:paragraph -->\n<p>\u00a0<\/p>\n<!-- \/wp:paragraph -->\t\t\t\t\t\t<\/div>\n\t\t\t\t<\/div>\n\t\t\t\t\t<\/div>\n\t\t<\/div>\n\t\t\t\t<div class=\"elementor-column elementor-col-33 elementor-top-column elementor-element elementor-element-cdaef15\" data-id=\"cdaef15\" data-element_type=\"column\">\n\t\t\t<div class=\"elementor-widget-wrap\">\n\t\t\t\t\t\t\t\t\t<\/div>\n\t\t<\/div>\n\t\t\t\t\t\t\t<\/div>\n\t\t<\/section>\n\t\t\t\t\t\t\t<\/div>","protected":false},"excerpt":{"rendered":"<p>Aviso Legal y Pol\u00edtica de privacidad \u00a0 Siguiente informaci\u00f3n: Ecoservy Emprendimientos, S.L. y como titular de la p\u00e1gina:\u00a0https:\/\/www.quinze.es\/\u00a0(todos los derechos reservados), comunica que el presente Aviso Legal, ha sido elaborado de conformidad con la ley 34\/2002 de 11 de julio Servicios de la Sociedad de la Informaci\u00f3n y Comercio Electr\u00f3nico, Ley 15\/1999 de 13 de &hellip;<\/p>\n<p class=\"read-more\"> <a class=\"\" href=\"https:\/\/quinze.es\/en\/privacy-policy\/\"> <span class=\"screen-reader-text\">Privacy Policy<\/span> Read More &raquo;<\/a><\/p>","protected":false},"author":1,"featured_media":0,"parent":0,"menu_order":0,"comment_status":"closed","ping_status":"open","template":"elementor_header_footer","meta":{"site-sidebar-layout":"default","site-content-layout":"default","ast-global-header-display":"","ast-main-header-display":"","ast-hfb-above-header-display":"","ast-hfb-below-header-display":"","ast-hfb-mobile-header-display":"","site-post-title":"","ast-breadcrumbs-content":"","ast-featured-img":"","footer-sml-layout":"","theme-transparent-header-meta":"","adv-header-id-meta":"","stick-header-meta":"","header-above-stick-meta":"","header-main-stick-meta":"","header-below-stick-meta":"","footnotes":""},"class_list":["post-3","page","type-page","status-publish","hentry"],"yoast_head":"<!-- This site is optimized with the Yoast SEO plugin v21.8 - https:\/\/yoast.com\/wordpress\/plugins\/seo\/ -->\n<title>Privacy Policy - Quinze<\/title>\n<meta name=\"description\" content=\"Privacy Policy\" \/>\n<meta name=\"robots\" content=\"noindex, nofollow\" \/>\n<meta property=\"og:locale\" content=\"en_GB\" \/>\n<meta property=\"og:type\" content=\"article\" \/>\n<meta property=\"og:title\" content=\"Privacy Policy - Quinze\" \/>\n<meta property=\"og:description\" content=\"Privacy Policy\" \/>\n<meta property=\"og:url\" content=\"https:\/\/quinze.es\/en\/privacy-policy\/\" \/>\n<meta property=\"og:site_name\" content=\"Quinze\" \/>\n<meta property=\"article:modified_time\" content=\"2022-06-13T15:04:45+00:00\" \/>\n<meta name=\"twitter:card\" content=\"summary_large_image\" \/>\n<meta name=\"twitter:label1\" content=\"Estimated reading time\" \/>\n\t<meta name=\"twitter:data1\" content=\"4 minutes\" \/>\n<script type=\"application\/ld+json\" class=\"yoast-schema-graph\">{\"@context\":\"https:\/\/schema.org\",\"@graph\":[{\"@type\":\"WebPage\",\"@id\":\"https:\/\/quinze.es\/privacy-policy\/\",\"url\":\"https:\/\/quinze.es\/privacy-policy\/\",\"name\":\"Privacy Policy - Quinze\",\"isPartOf\":{\"@id\":\"https:\/\/quinze.es\/#website\"},\"datePublished\":\"2022-04-04T15:24:35+00:00\",\"dateModified\":\"2022-06-13T15:04:45+00:00\",\"description\":\"Privacy Policy\",\"breadcrumb\":{\"@id\":\"https:\/\/quinze.es\/privacy-policy\/#breadcrumb\"},\"inLanguage\":\"en-GB\",\"potentialAction\":[{\"@type\":\"ReadAction\",\"target\":[\"https:\/\/quinze.es\/privacy-policy\/\"]}]},{\"@type\":\"BreadcrumbList\",\"@id\":\"https:\/\/quinze.es\/privacy-policy\/#breadcrumb\",\"itemListElement\":[{\"@type\":\"ListItem\",\"position\":1,\"name\":\"Portada\",\"item\":\"https:\/\/quinze.es\/\"},{\"@type\":\"ListItem\",\"position\":2,\"name\":\"Privacy Policy\"}]},{\"@type\":\"WebSite\",\"@id\":\"https:\/\/quinze.es\/#website\",\"url\":\"https:\/\/quinze.es\/\",\"name\":\"Quinze\",\"description\":\"Cocina de brasas\",\"potentialAction\":[{\"@type\":\"SearchAction\",\"target\":{\"@type\":\"EntryPoint\",\"urlTemplate\":\"https:\/\/quinze.es\/?s={search_term_string}\"},\"query-input\":\"required name=search_term_string\"}],\"inLanguage\":\"en-GB\"}]}<\/script>\n<!-- \/ Yoast SEO plugin. -->","yoast_head_json":{"title":"Privacy Policy - Quinze","description":"Privacy Policy","robots":{"index":"noindex","follow":"nofollow"},"og_locale":"en_GB","og_type":"article","og_title":"Privacy Policy - Quinze","og_description":"Privacy Policy","og_url":"https:\/\/quinze.es\/en\/privacy-policy\/","og_site_name":"Quinze","article_modified_time":"2022-06-13T15:04:45+00:00","twitter_card":"summary_large_image","twitter_misc":{"Estimated reading time":"4 minutes"},"schema":{"@context":"https:\/\/schema.org","@graph":[{"@type":"WebPage","@id":"https:\/\/quinze.es\/privacy-policy\/","url":"https:\/\/quinze.es\/privacy-policy\/","name":"Privacy Policy - Quinze","isPartOf":{"@id":"https:\/\/quinze.es\/#website"},"datePublished":"2022-04-04T15:24:35+00:00","dateModified":"2022-06-13T15:04:45+00:00","description":"Privacy Policy","breadcrumb":{"@id":"https:\/\/quinze.es\/privacy-policy\/#breadcrumb"},"inLanguage":"en-GB","potentialAction":[{"@type":"ReadAction","target":["https:\/\/quinze.es\/privacy-policy\/"]}]},{"@type":"BreadcrumbList","@id":"https:\/\/quinze.es\/privacy-policy\/#breadcrumb","itemListElement":[{"@type":"ListItem","position":1,"name":"Portada","item":"https:\/\/quinze.es\/"},{"@type":"ListItem","position":2,"name":"Privacy Policy"}]},{"@type":"WebSite","@id":"https:\/\/quinze.es\/#website","url":"https:\/\/quinze.es\/","name":"Quinze","description":"Cocina de brasas","potentialAction":[{"@type":"SearchAction","target":{"@type":"EntryPoint","urlTemplate":"https:\/\/quinze.es\/?s={search_term_string}"},"query-input":"required name=search_term_string"}],"inLanguage":"en-GB"}]}},"_links":{"self":[{"href":"https:\/\/quinze.es\/en\/wp-json\/wp\/v2\/pages\/3","targetHints":{"allow":["GET"]}}],"collection":[{"href":"https:\/\/quinze.es\/en\/wp-json\/wp\/v2\/pages"}],"about":[{"href":"https:\/\/quinze.es\/en\/wp-json\/wp\/v2\/types\/page"}],"author":[{"embeddable":true,"href":"https:\/\/quinze.es\/en\/wp-json\/wp\/v2\/users\/1"}],"replies":[{"embeddable":true,"href":"https:\/\/quinze.es\/en\/wp-json\/wp\/v2\/comments?post=3"}],"version-history":[{"count":5,"href":"https:\/\/quinze.es\/en\/wp-json\/wp\/v2\/pages\/3\/revisions"}],"predecessor-version":[{"id":955,"href":"https:\/\/quinze.es\/en\/wp-json\/wp\/v2\/pages\/3\/revisions\/955"}],"wp:attachment":[{"href":"https:\/\/quinze.es\/en\/wp-json\/wp\/v2\/media?parent=3"}],"curies":[{"name":"wp","href":"https:\/\/api.w.org\/{rel}","templated":true}]}}