{"id":1621,"date":"2024-03-09T16:59:19","date_gmt":"2024-03-09T15:59:19","guid":{"rendered":"https:\/\/quinze.es\/?page_id=1621"},"modified":"2024-03-21T11:16:17","modified_gmt":"2024-03-21T10:16:17","slug":"platos-del-dia","status":"publish","type":"page","link":"https:\/\/quinze.es\/en\/platos-del-dia\/","title":{"rendered":"Platos del D\u00eda"},"content":{"rendered":"<div data-elementor-type=\"wp-page\" data-elementor-id=\"1621\" class=\"elementor elementor-1621\">\n\t\t\t\t\t\t\t\t\t<section class=\"elementor-section elementor-top-section elementor-element elementor-element-7fb269d elementor-section-boxed elementor-section-height-default elementor-section-height-default\" data-id=\"7fb269d\" data-element_type=\"section\" data-settings=\"{&quot;background_background&quot;:&quot;classic&quot;}\">\n\t\t\t\t\t\t<div class=\"elementor-container elementor-column-gap-default\">\n\t\t\t\t\t<div class=\"elementor-column elementor-col-33 elementor-top-column elementor-element elementor-element-62e6975\" data-id=\"62e6975\" data-element_type=\"column\">\n\t\t\t<div class=\"elementor-widget-wrap\">\n\t\t\t\t\t\t\t\t\t<\/div>\n\t\t<\/div>\n\t\t\t\t<div class=\"elementor-column elementor-col-33 elementor-top-column elementor-element elementor-element-cb28f9a\" data-id=\"cb28f9a\" data-element_type=\"column\">\n\t\t\t<div class=\"elementor-widget-wrap elementor-element-populated\">\n\t\t\t\t\t\t\t\t<div class=\"elementor-element elementor-element-dda51d5 elementor-widget elementor-widget-heading\" data-id=\"dda51d5\" data-element_type=\"widget\" data-settings=\"{&quot;ekit_we_effect_on&quot;:&quot;none&quot;}\" data-widget_type=\"heading.default\">\n\t\t\t\t<div class=\"elementor-widget-container\">\n\t\t\t<style>\/*! elementor - v3.18.0 - 20-12-2023 *\/\n.elementor-heading-title{padding:0;margin:0;line-height:1}.elementor-widget-heading .elementor-heading-title[class*=elementor-size-]>a{color:inherit;font-size:inherit;line-height:inherit}.elementor-widget-heading .elementor-heading-title.elementor-size-small{font-size:15px}.elementor-widget-heading .elementor-heading-title.elementor-size-medium{font-size:19px}.elementor-widget-heading .elementor-heading-title.elementor-size-large{font-size:29px}.elementor-widget-heading .elementor-heading-title.elementor-size-xl{font-size:39px}.elementor-widget-heading .elementor-heading-title.elementor-size-xxl{font-size:59px}<\/style><h1 class=\"elementor-heading-title elementor-size-default\">Men\u00fa del D\u00eda<\/h1>\t\t<\/div>\n\t\t\t\t<\/div>\n\t\t\t\t<div class=\"elementor-element elementor-element-de38c1d elementor-widget elementor-widget-text-editor\" data-id=\"de38c1d\" data-element_type=\"widget\" data-settings=\"{&quot;ekit_we_effect_on&quot;:&quot;none&quot;}\" data-widget_type=\"text-editor.default\">\n\t\t\t\t<div class=\"elementor-widget-container\">\n\t\t\t<style>\/*! elementor - v3.18.0 - 20-12-2023 *\/\n.elementor-widget-text-editor.elementor-drop-cap-view-stacked .elementor-drop-cap{background-color:#69727d;color:#fff}.elementor-widget-text-editor.elementor-drop-cap-view-framed .elementor-drop-cap{color:#69727d;border:3px solid;background-color:transparent}.elementor-widget-text-editor:not(.elementor-drop-cap-view-default) .elementor-drop-cap{margin-top:8px}.elementor-widget-text-editor:not(.elementor-drop-cap-view-default) .elementor-drop-cap-letter{width:1em;height:1em}.elementor-widget-text-editor .elementor-drop-cap{float:left;text-align:center;line-height:1;font-size:50px}.elementor-widget-text-editor .elementor-drop-cap-letter{display:inline-block}<\/style>\t\t\t\t<h4 class=\"font_8\" style=\"text-align: center;\">2 ENTRANTES SUGERENCIA DEL CHEF<br \/>+ 1 PRINCIPAL A ELECCI\u00d3N<\/h4><h4 class=\"font_8\" style=\"text-align: center;\">+ PAN + BEBIDA + POSTRE\/CAF\u00c9<\/h4>\t\t\t\t\t\t<\/div>\n\t\t\t\t<\/div>\n\t\t\t\t<div class=\"elementor-element elementor-element-310d50f elementor-widget elementor-widget-heading\" data-id=\"310d50f\" data-element_type=\"widget\" data-settings=\"{&quot;ekit_we_effect_on&quot;:&quot;none&quot;}\" data-widget_type=\"heading.default\">\n\t\t\t\t<div class=\"elementor-widget-container\">\n\t\t\t<h2 class=\"elementor-heading-title elementor-size-default\">\u261e por s\u00f3lo <b>17,90\u20ac<\/b><\/h2>\t\t<\/div>\n\t\t\t\t<\/div>\n\t\t\t\t\t<\/div>\n\t\t<\/div>\n\t\t\t\t<div class=\"elementor-column elementor-col-33 elementor-top-column elementor-element elementor-element-ca3fdac\" data-id=\"ca3fdac\" data-element_type=\"column\">\n\t\t\t<div class=\"elementor-widget-wrap\">\n\t\t\t\t\t\t\t\t\t<\/div>\n\t\t<\/div>\n\t\t\t\t\t\t\t<\/div>\n\t\t<\/section>\n\t\t\t\t<section class=\"elementor-section elementor-top-section elementor-element elementor-element-fa676c5 elementor-section-boxed elementor-section-height-default elementor-section-height-default\" data-id=\"fa676c5\" data-element_type=\"section\" data-settings=\"{&quot;background_background&quot;:&quot;classic&quot;}\">\n\t\t\t\t\t\t<div class=\"elementor-container elementor-column-gap-default\">\n\t\t\t\t\t<div class=\"elementor-column elementor-col-100 elementor-top-column elementor-element elementor-element-b0dda86\" data-id=\"b0dda86\" data-element_type=\"column\">\n\t\t\t<div class=\"elementor-widget-wrap elementor-element-populated\">\n\t\t\t\t\t\t\t\t<div class=\"elementor-element elementor-element-f758ea0 elementor-align-center elementor-widget elementor-widget-button\" data-id=\"f758ea0\" data-element_type=\"widget\" data-settings=\"{&quot;ekit_we_effect_on&quot;:&quot;none&quot;}\" data-widget_type=\"button.default\">\n\t\t\t\t<div class=\"elementor-widget-container\">\n\t\t\t\t\t<div class=\"elementor-button-wrapper\">\n\t\t\t<a class=\"elementor-button elementor-button-link elementor-size-lg\" href=\"https:\/\/quinze.es\/en\/reservar\/\" target=\"_blank\">\n\t\t\t\t\t\t<span class=\"elementor-button-content-wrapper\">\n\t\t\t\t\t\t<span class=\"elementor-button-text\">RESERVAR MESA<\/span>\n\t\t<\/span>\n\t\t\t\t\t<\/a>\n\t\t<\/div>\n\t\t\t\t<\/div>\n\t\t\t\t<\/div>\n\t\t\t\t<div class=\"elementor-element elementor-element-0dfcea8 elementor-widget elementor-widget-text-editor\" data-id=\"0dfcea8\" data-element_type=\"widget\" data-settings=\"{&quot;ekit_we_effect_on&quot;:&quot;none&quot;}\" data-widget_type=\"text-editor.default\">\n\t\t\t\t<div class=\"elementor-widget-container\">\n\t\t\t\t\t\t\t<h6 class=\"font_8\" style=\"text-align: center;\">*V\u00e1lidos s\u00f3lo al mediod\u00eda de lunes a viernes excepto festivos. No acumulable con otros descuentos o promociones.<\/h6>\t\t\t\t\t\t<\/div>\n\t\t\t\t<\/div>\n\t\t\t\t\t<\/div>\n\t\t<\/div>\n\t\t\t\t\t\t\t<\/div>\n\t\t<\/section>\n\t\t\t\t<section class=\"elementor-section elementor-top-section elementor-element elementor-element-ffb476d elementor-section-boxed elementor-section-height-default elementor-section-height-default\" data-id=\"ffb476d\" data-element_type=\"section\" data-settings=\"{&quot;background_background&quot;:&quot;classic&quot;}\">\n\t\t\t\t\t\t<div class=\"elementor-container elementor-column-gap-default\">\n\t\t\t\t\t<div class=\"elementor-column elementor-col-50 elementor-top-column elementor-element elementor-element-ace47b7\" data-id=\"ace47b7\" data-element_type=\"column\">\n\t\t\t<div class=\"elementor-widget-wrap elementor-element-populated\">\n\t\t\t\t\t\t\t\t<div class=\"elementor-element elementor-element-9b59b9b elementor-widget elementor-widget-heading\" data-id=\"9b59b9b\" data-element_type=\"widget\" data-settings=\"{&quot;ekit_we_effect_on&quot;:&quot;none&quot;}\" data-widget_type=\"heading.default\">\n\t\t\t\t<div class=\"elementor-widget-container\">\n\t\t\t<h1 class=\"elementor-heading-title elementor-size-default\">Lunes<\/h1>\t\t<\/div>\n\t\t\t\t<\/div>\n\t\t\t\t<div class=\"elementor-element elementor-element-627c44a elementor-widget elementor-widget-text-editor\" data-id=\"627c44a\" data-element_type=\"widget\" data-settings=\"{&quot;ekit_we_effect_on&quot;:&quot;none&quot;}\" data-widget_type=\"text-editor.default\">\n\t\t\t\t<div class=\"elementor-widget-container\">\n\t\t\t\t\t\t\t<h4 class=\"font_8\" style=\"text-align: center;\">Principales a elegir<\/h4>\t\t\t\t\t\t<\/div>\n\t\t\t\t<\/div>\n\t\t\t\t<div class=\"elementor-element elementor-element-03cf93f elementor-widget elementor-widget-heading\" data-id=\"03cf93f\" data-element_type=\"widget\" data-settings=\"{&quot;ekit_we_effect_on&quot;:&quot;none&quot;}\" data-widget_type=\"heading.default\">\n\t\t\t\t<div class=\"elementor-widget-container\">\n\t\t\t<h2 class=\"elementor-heading-title elementor-size-default\">RAPE CON EMULSI\u00d3N DE ALL I PEBRE<br>-<br>CANELONES DE POLLO A L\u2019AST<br>-<br>ARROZ AL HORNO* <h4 style=\"font-size: 1.33333rem; font-style: normal; font-family: Spectral, sans-serif; white-space-collapse: collapse;\">*M\u00ednimo 2 personas<\/h4><\/h2>\t\t<\/div>\n\t\t\t\t<\/div>\n\t\t\t\t\t<\/div>\n\t\t<\/div>\n\t\t\t\t<div class=\"elementor-column elementor-col-50 elementor-top-column elementor-element elementor-element-c2748b3\" data-id=\"c2748b3\" data-element_type=\"column\">\n\t\t\t<div class=\"elementor-widget-wrap elementor-element-populated\">\n\t\t\t\t\t\t\t\t<div class=\"elementor-element elementor-element-44f544e elementor-widget elementor-widget-heading\" data-id=\"44f544e\" data-element_type=\"widget\" data-settings=\"{&quot;ekit_we_effect_on&quot;:&quot;none&quot;}\" data-widget_type=\"heading.default\">\n\t\t\t\t<div class=\"elementor-widget-container\">\n\t\t\t<h1 class=\"elementor-heading-title elementor-size-default\">Mi\u00e9rcoles<\/h1>\t\t<\/div>\n\t\t\t\t<\/div>\n\t\t\t\t<div class=\"elementor-element elementor-element-b2f32f3 elementor-widget elementor-widget-text-editor\" data-id=\"b2f32f3\" data-element_type=\"widget\" data-settings=\"{&quot;ekit_we_effect_on&quot;:&quot;none&quot;}\" data-widget_type=\"text-editor.default\">\n\t\t\t\t<div class=\"elementor-widget-container\">\n\t\t\t\t\t\t\t<h4 class=\"font_8\" style=\"text-align: center;\">Principales a elegir<\/h4>\t\t\t\t\t\t<\/div>\n\t\t\t\t<\/div>\n\t\t\t\t<div class=\"elementor-element elementor-element-6d8a613 elementor-widget elementor-widget-heading\" data-id=\"6d8a613\" data-element_type=\"widget\" data-settings=\"{&quot;ekit_we_effect_on&quot;:&quot;none&quot;}\" data-widget_type=\"heading.default\">\n\t\t\t\t<div class=\"elementor-widget-container\">\n\t\t\t<h2 class=\"elementor-heading-title elementor-size-default\">BACALAO CON MUSELINA DE ALIOLI<br>-<br>EMBUTIDOS A LA BRASA<br>-<br>PUCHERO VALENCIANO<\/h2>\t\t<\/div>\n\t\t\t\t<\/div>\n\t\t\t\t\t<\/div>\n\t\t<\/div>\n\t\t\t\t\t\t\t<\/div>\n\t\t<\/section>\n\t\t\t\t<section class=\"elementor-section elementor-top-section elementor-element elementor-element-eb1e218 elementor-section-boxed elementor-section-height-default elementor-section-height-default\" data-id=\"eb1e218\" data-element_type=\"section\" data-settings=\"{&quot;background_background&quot;:&quot;classic&quot;}\">\n\t\t\t\t\t\t<div class=\"elementor-container elementor-column-gap-default\">\n\t\t\t\t\t<div class=\"elementor-column elementor-col-50 elementor-top-column elementor-element elementor-element-b66cef6\" data-id=\"b66cef6\" data-element_type=\"column\">\n\t\t\t<div class=\"elementor-widget-wrap elementor-element-populated\">\n\t\t\t\t\t\t\t\t<div class=\"elementor-element elementor-element-00cbaef elementor-widget elementor-widget-heading\" data-id=\"00cbaef\" data-element_type=\"widget\" data-settings=\"{&quot;ekit_we_effect_on&quot;:&quot;none&quot;}\" data-widget_type=\"heading.default\">\n\t\t\t\t<div class=\"elementor-widget-container\">\n\t\t\t<h1 class=\"elementor-heading-title elementor-size-default\">Jueves<\/h1>\t\t<\/div>\n\t\t\t\t<\/div>\n\t\t\t\t<div class=\"elementor-element elementor-element-3d248d1 elementor-widget elementor-widget-text-editor\" data-id=\"3d248d1\" data-element_type=\"widget\" data-settings=\"{&quot;ekit_we_effect_on&quot;:&quot;none&quot;}\" data-widget_type=\"text-editor.default\">\n\t\t\t\t<div class=\"elementor-widget-container\">\n\t\t\t\t\t\t\t<h4 class=\"font_8\" style=\"text-align: center;\">Principales a elegir<\/h4>\t\t\t\t\t\t<\/div>\n\t\t\t\t<\/div>\n\t\t\t\t<div class=\"elementor-element elementor-element-6e1210a elementor-widget elementor-widget-heading\" data-id=\"6e1210a\" data-element_type=\"widget\" data-settings=\"{&quot;ekit_we_effect_on&quot;:&quot;none&quot;}\" data-widget_type=\"heading.default\">\n\t\t\t\t<div class=\"elementor-widget-container\">\n\t\t\t<h2 class=\"elementor-heading-title elementor-size-default\">CALAMAR A LA BRASA CON SALSA MERY<br>-<br>LOMO DE CERDO EN SU SALSA<br>-<br>ARROZ DE BOGAVANTE* <h4 style=\"font-size: 1.33333rem; font-style: normal; font-family: Spectral, sans-serif; white-space-collapse: collapse;\">*M\u00ednimo 2 personas<\/h4><\/h2>\t\t<\/div>\n\t\t\t\t<\/div>\n\t\t\t\t\t<\/div>\n\t\t<\/div>\n\t\t\t\t<div class=\"elementor-column elementor-col-50 elementor-top-column elementor-element elementor-element-221e487\" data-id=\"221e487\" data-element_type=\"column\">\n\t\t\t<div class=\"elementor-widget-wrap elementor-element-populated\">\n\t\t\t\t\t\t\t\t<div class=\"elementor-element elementor-element-18669e9 elementor-widget elementor-widget-heading\" data-id=\"18669e9\" data-element_type=\"widget\" data-settings=\"{&quot;ekit_we_effect_on&quot;:&quot;none&quot;}\" data-widget_type=\"heading.default\">\n\t\t\t\t<div class=\"elementor-widget-container\">\n\t\t\t<h1 class=\"elementor-heading-title elementor-size-default\">Viernes<\/h1>\t\t<\/div>\n\t\t\t\t<\/div>\n\t\t\t\t<div class=\"elementor-element elementor-element-fede058 elementor-widget elementor-widget-text-editor\" data-id=\"fede058\" data-element_type=\"widget\" data-settings=\"{&quot;ekit_we_effect_on&quot;:&quot;none&quot;}\" data-widget_type=\"text-editor.default\">\n\t\t\t\t<div class=\"elementor-widget-container\">\n\t\t\t\t\t\t\t<h4 class=\"font_8\" style=\"text-align: center;\">Principales a elegir<\/h4>\t\t\t\t\t\t<\/div>\n\t\t\t\t<\/div>\n\t\t\t\t<div class=\"elementor-element elementor-element-b79d06a elementor-widget elementor-widget-heading\" data-id=\"b79d06a\" data-element_type=\"widget\" data-settings=\"{&quot;ekit_we_effect_on&quot;:&quot;none&quot;}\" data-widget_type=\"heading.default\">\n\t\t\t\t<div class=\"elementor-widget-container\">\n\t\t\t<h2 class=\"elementor-heading-title elementor-size-default\">SALM\u00d3N A LA BRASA CON PUR\u00c9 DE PATATAS<br>-<br>POLLO AL AJILLO<br>-<br>FIDEUA DE SECRETO IB\u00c9RICO Y FOIE*<br><h4 style=\"font-size: 1.33333rem; font-style: normal; white-space-collapse: collapse; font-family: Spectral, sans-serif;\">*M\u00ednimo 2 personas<\/h4><\/h2>\t\t<\/div>\n\t\t\t\t<\/div>\n\t\t\t\t\t<\/div>\n\t\t<\/div>\n\t\t\t\t\t\t\t<\/div>\n\t\t<\/section>\n\t\t\t\t<section class=\"elementor-section elementor-top-section elementor-element elementor-element-4c11419 elementor-section-boxed elementor-section-height-default elementor-section-height-default\" data-id=\"4c11419\" data-element_type=\"section\" data-settings=\"{&quot;background_background&quot;:&quot;classic&quot;}\">\n\t\t\t\t\t\t<div class=\"elementor-container elementor-column-gap-default\">\n\t\t\t\t\t<div class=\"elementor-column elementor-col-100 elementor-top-column elementor-element elementor-element-8fa281a\" data-id=\"8fa281a\" data-element_type=\"column\">\n\t\t\t<div class=\"elementor-widget-wrap elementor-element-populated\">\n\t\t\t\t\t\t\t\t<div class=\"elementor-element elementor-element-231a31c elementor-align-center elementor-widget elementor-widget-button\" data-id=\"231a31c\" data-element_type=\"widget\" data-settings=\"{&quot;ekit_we_effect_on&quot;:&quot;none&quot;}\" data-widget_type=\"button.default\">\n\t\t\t\t<div class=\"elementor-widget-container\">\n\t\t\t\t\t<div class=\"elementor-button-wrapper\">\n\t\t\t<a class=\"elementor-button elementor-button-link elementor-size-lg\" href=\"https:\/\/quinze.es\/en\/reservar\/\" target=\"_blank\">\n\t\t\t\t\t\t<span class=\"elementor-button-content-wrapper\">\n\t\t\t\t\t\t<span class=\"elementor-button-text\">RESERVAR MESA<\/span>\n\t\t<\/span>\n\t\t\t\t\t<\/a>\n\t\t<\/div>\n\t\t\t\t<\/div>\n\t\t\t\t<\/div>\n\t\t\t\t\t<\/div>\n\t\t<\/div>\n\t\t\t\t\t\t\t<\/div>\n\t\t<\/section>\n\t\t\t\t<section class=\"elementor-section elementor-top-section elementor-element elementor-element-0fb9971 elementor-section-boxed elementor-section-height-default elementor-section-height-default\" data-id=\"0fb9971\" data-element_type=\"section\" data-settings=\"{&quot;background_background&quot;:&quot;classic&quot;}\">\n\t\t\t\t\t\t<div class=\"elementor-container elementor-column-gap-default\">\n\t\t\t\t\t<div class=\"elementor-column elementor-col-100 elementor-top-column elementor-element elementor-element-7b0688e\" data-id=\"7b0688e\" data-element_type=\"column\">\n\t\t\t<div class=\"elementor-widget-wrap elementor-element-populated\">\n\t\t\t\t\t\t\t\t<div class=\"elementor-element elementor-element-74d9404 elementor-widget elementor-widget-text-editor\" data-id=\"74d9404\" data-element_type=\"widget\" data-settings=\"{&quot;ekit_we_effect_on&quot;:&quot;none&quot;}\" data-widget_type=\"text-editor.default\">\n\t\t\t\t<div class=\"elementor-widget-container\">\n\t\t\t\t\t\t\t<h4 class=\"font_8\" style=\"text-align: center;\"><strong>\u00a1No querr\u00e1s perderte ninguno!<\/strong><\/h4><div><strong>\u00a0<\/strong><\/div>\t\t\t\t\t\t<\/div>\n\t\t\t\t<\/div>\n\t\t\t\t\t<\/div>\n\t\t<\/div>\n\t\t\t\t\t\t\t<\/div>\n\t\t<\/section>\n\t\t\t\t<section class=\"elementor-section elementor-top-section elementor-element elementor-element-4c03da13 elementor-section-boxed elementor-section-height-default elementor-section-height-default\" data-id=\"4c03da13\" data-element_type=\"section\" data-settings=\"{&quot;background_background&quot;:&quot;classic&quot;}\">\n\t\t\t\t\t\t<div class=\"elementor-container elementor-column-gap-default\">\n\t\t\t\t\t<div class=\"elementor-column elementor-col-50 elementor-top-column elementor-element elementor-element-210f6c72\" data-id=\"210f6c72\" data-element_type=\"column\">\n\t\t\t<div class=\"elementor-widget-wrap elementor-element-populated\">\n\t\t\t\t\t\t\t\t<div class=\"elementor-element elementor-element-596beb7b elementor-widget elementor-widget-heading\" data-id=\"596beb7b\" data-element_type=\"widget\" data-settings=\"{&quot;ekit_we_effect_on&quot;:&quot;none&quot;}\" data-widget_type=\"heading.default\">\n\t\t\t\t<div class=\"elementor-widget-container\">\n\t\t\t<span class=\"elementor-heading-title elementor-size-default\"><a href=\"https:\/\/quinze.es\/en\/privacy-policy\/\">Pol\u00edtica de Privacidad<\/a><\/span>\t\t<\/div>\n\t\t\t\t<\/div>\n\t\t\t\t\t<\/div>\n\t\t<\/div>\n\t\t\t\t<div class=\"elementor-column elementor-col-50 elementor-top-column elementor-element elementor-element-3f4d6a49\" data-id=\"3f4d6a49\" data-element_type=\"column\">\n\t\t\t<div class=\"elementor-widget-wrap elementor-element-populated\">\n\t\t\t\t\t\t\t\t<div class=\"elementor-element elementor-element-6f393011 elementor-widget elementor-widget-heading\" data-id=\"6f393011\" data-element_type=\"widget\" data-settings=\"{&quot;ekit_we_effect_on&quot;:&quot;none&quot;}\" data-widget_type=\"heading.default\">\n\t\t\t\t<div class=\"elementor-widget-container\">\n\t\t\t<span class=\"elementor-heading-title elementor-size-default\"><a href=\"https:\/\/quinze.es\/en\/cookies\/\">Pol\u00edtica de Cookies<\/a><\/span>\t\t<\/div>\n\t\t\t\t<\/div>\n\t\t\t\t\t<\/div>\n\t\t<\/div>\n\t\t\t\t\t\t\t<\/div>\n\t\t<\/section>\n\t\t\t\t\t\t\t<\/div>","protected":false},"excerpt":{"rendered":"<p>Men\u00fa del D\u00eda 2 ENTRANTES SUGERENCIA DEL CHEF+ 1 PRINCIPAL A ELECCI\u00d3N + PAN + BEBIDA + POSTRE\/CAF\u00c9 \u261e por s\u00f3lo 17,90\u20ac RESERVAR MESA *V\u00e1lidos s\u00f3lo al mediod\u00eda de lunes a viernes excepto festivos. No acumulable con otros descuentos o promociones. Lunes Principales a elegir RAPE CON EMULSI\u00d3N DE ALL I PEBRE&#8211;CANELONES DE POLLO A &hellip;<\/p>\n<p class=\"read-more\"> <a class=\"\" href=\"https:\/\/quinze.es\/en\/platos-del-dia\/\"> <span class=\"screen-reader-text\">Platos del D\u00eda<\/span> Read More &raquo;<\/a><\/p>","protected":false},"author":1,"featured_media":678,"parent":0,"menu_order":0,"comment_status":"closed","ping_status":"closed","template":"elementor_header_footer","meta":{"site-sidebar-layout":"no-sidebar","site-content-layout":"page-builder","ast-global-header-display":"","ast-main-header-display":"","ast-hfb-above-header-display":"","ast-hfb-below-header-display":"","ast-hfb-mobile-header-display":"","site-post-title":"disabled","ast-breadcrumbs-content":"","ast-featured-img":"disabled","footer-sml-layout":"","theme-transparent-header-meta":"","adv-header-id-meta":"","stick-header-meta":"","header-above-stick-meta":"","header-main-stick-meta":"","header-below-stick-meta":"","footnotes":""},"class_list":["post-1621","page","type-page","status-publish","has-post-thumbnail","hentry"],"yoast_head":"<!-- This site is optimized with the Yoast SEO plugin v21.8 - https:\/\/yoast.com\/wordpress\/plugins\/seo\/ -->\n<title>Restaurante Quinze \u2b50\u2b50\u2b50\u2b50\u2b50 Salamanca 15, 46005 Valencia, Spain<\/title>\n<meta name=\"description\" content=\"Platos del D\u00eda. Te presentamos nuevas propuestas para comer entresemana*\u2026\u261e por s\u00f3lo 6,90\u20ac \ud83d\udd25\u00a1Querr\u00e1s probarlos todos! QUINZE VLC.\" \/>\n<meta name=\"robots\" content=\"index, follow, max-snippet:-1, max-image-preview:large, max-video-preview:-1\" \/>\n<link rel=\"canonical\" href=\"https:\/\/quinze.es\/en\/platos-del-dia\/\" \/>\n<meta property=\"og:locale\" content=\"en_GB\" \/>\n<meta property=\"og:type\" content=\"article\" \/>\n<meta property=\"og:title\" content=\"Restaurante Quinze \u2b50\u2b50\u2b50\u2b50\u2b50 Salamanca 15, 46005 Valencia, Spain\" \/>\n<meta property=\"og:description\" content=\"Platos del D\u00eda. Te presentamos nuevas propuestas para comer entresemana*\u2026\u261e por s\u00f3lo 6,90\u20ac \ud83d\udd25\u00a1Querr\u00e1s probarlos todos! QUINZE VLC.\" \/>\n<meta property=\"og:url\" content=\"https:\/\/quinze.es\/en\/platos-del-dia\/\" \/>\n<meta property=\"og:site_name\" content=\"Quinze\" \/>\n<meta property=\"article:modified_time\" content=\"2024-03-21T10:16:17+00:00\" \/>\n<meta property=\"og:image\" content=\"https:\/\/quinze.es\/wp-content\/uploads\/2022\/04\/wqddqwdqwqw.png\" \/>\n\t<meta property=\"og:image:width\" content=\"366\" \/>\n\t<meta property=\"og:image:height\" content=\"361\" \/>\n\t<meta property=\"og:image:type\" content=\"image\/png\" \/>\n<meta name=\"twitter:card\" content=\"summary_large_image\" \/>\n<meta name=\"twitter:label1\" content=\"Estimated reading time\" \/>\n\t<meta name=\"twitter:data1\" content=\"1 minute\" \/>\n<script type=\"application\/ld+json\" class=\"yoast-schema-graph\">{\"@context\":\"https:\/\/schema.org\",\"@graph\":[{\"@type\":\"WebPage\",\"@id\":\"https:\/\/quinze.es\/platos-del-dia\/\",\"url\":\"https:\/\/quinze.es\/platos-del-dia\/\",\"name\":\"Restaurante Quinze \u2b50\u2b50\u2b50\u2b50\u2b50 Salamanca 15, 46005 Valencia, Spain\",\"isPartOf\":{\"@id\":\"https:\/\/quinze.es\/#website\"},\"datePublished\":\"2024-03-09T15:59:19+00:00\",\"dateModified\":\"2024-03-21T10:16:17+00:00\",\"description\":\"Platos del D\u00eda. Te presentamos nuevas propuestas para comer entresemana*\u2026\u261e por s\u00f3lo 6,90\u20ac \ud83d\udd25\u00a1Querr\u00e1s probarlos todos! QUINZE VLC.\",\"breadcrumb\":{\"@id\":\"https:\/\/quinze.es\/platos-del-dia\/#breadcrumb\"},\"inLanguage\":\"en-GB\",\"potentialAction\":[{\"@type\":\"ReadAction\",\"target\":[\"https:\/\/quinze.es\/platos-del-dia\/\"]}]},{\"@type\":\"BreadcrumbList\",\"@id\":\"https:\/\/quinze.es\/platos-del-dia\/#breadcrumb\",\"itemListElement\":[{\"@type\":\"ListItem\",\"position\":1,\"name\":\"Portada\",\"item\":\"https:\/\/quinze.es\/\"},{\"@type\":\"ListItem\",\"position\":2,\"name\":\"Platos del D\u00eda\"}]},{\"@type\":\"WebSite\",\"@id\":\"https:\/\/quinze.es\/#website\",\"url\":\"https:\/\/quinze.es\/\",\"name\":\"Quinze\",\"description\":\"Cocina de brasas\",\"potentialAction\":[{\"@type\":\"SearchAction\",\"target\":{\"@type\":\"EntryPoint\",\"urlTemplate\":\"https:\/\/quinze.es\/?s={search_term_string}\"},\"query-input\":\"required name=search_term_string\"}],\"inLanguage\":\"en-GB\"}]}<\/script>\n<!-- \/ Yoast SEO plugin. -->","yoast_head_json":{"title":"Restaurante Quinze \u2b50\u2b50\u2b50\u2b50\u2b50 Salamanca 15, 46005 Valencia, Spain","description":"Platos del D\u00eda. Te presentamos nuevas propuestas para comer entresemana*\u2026\u261e por s\u00f3lo 6,90\u20ac \ud83d\udd25\u00a1Querr\u00e1s probarlos todos! QUINZE VLC.","robots":{"index":"index","follow":"follow","max-snippet":"max-snippet:-1","max-image-preview":"max-image-preview:large","max-video-preview":"max-video-preview:-1"},"canonical":"https:\/\/quinze.es\/en\/platos-del-dia\/","og_locale":"en_GB","og_type":"article","og_title":"Restaurante Quinze \u2b50\u2b50\u2b50\u2b50\u2b50 Salamanca 15, 46005 Valencia, Spain","og_description":"Platos del D\u00eda. Te presentamos nuevas propuestas para comer entresemana*\u2026\u261e por s\u00f3lo 6,90\u20ac \ud83d\udd25\u00a1Querr\u00e1s probarlos todos! QUINZE VLC.","og_url":"https:\/\/quinze.es\/en\/platos-del-dia\/","og_site_name":"Quinze","article_modified_time":"2024-03-21T10:16:17+00:00","og_image":[{"width":366,"height":361,"url":"https:\/\/quinze.es\/wp-content\/uploads\/2022\/04\/wqddqwdqwqw.png","type":"image\/png"}],"twitter_card":"summary_large_image","twitter_misc":{"Estimated reading time":"1 minute"},"schema":{"@context":"https:\/\/schema.org","@graph":[{"@type":"WebPage","@id":"https:\/\/quinze.es\/platos-del-dia\/","url":"https:\/\/quinze.es\/platos-del-dia\/","name":"Restaurante Quinze \u2b50\u2b50\u2b50\u2b50\u2b50 Salamanca 15, 46005 Valencia, Spain","isPartOf":{"@id":"https:\/\/quinze.es\/#website"},"datePublished":"2024-03-09T15:59:19+00:00","dateModified":"2024-03-21T10:16:17+00:00","description":"Platos del D\u00eda. Te presentamos nuevas propuestas para comer entresemana*\u2026\u261e por s\u00f3lo 6,90\u20ac \ud83d\udd25\u00a1Querr\u00e1s probarlos todos! QUINZE VLC.","breadcrumb":{"@id":"https:\/\/quinze.es\/platos-del-dia\/#breadcrumb"},"inLanguage":"en-GB","potentialAction":[{"@type":"ReadAction","target":["https:\/\/quinze.es\/platos-del-dia\/"]}]},{"@type":"BreadcrumbList","@id":"https:\/\/quinze.es\/platos-del-dia\/#breadcrumb","itemListElement":[{"@type":"ListItem","position":1,"name":"Portada","item":"https:\/\/quinze.es\/"},{"@type":"ListItem","position":2,"name":"Platos del D\u00eda"}]},{"@type":"WebSite","@id":"https:\/\/quinze.es\/#website","url":"https:\/\/quinze.es\/","name":"Quinze","description":"Cocina de brasas","potentialAction":[{"@type":"SearchAction","target":{"@type":"EntryPoint","urlTemplate":"https:\/\/quinze.es\/?s={search_term_string}"},"query-input":"required name=search_term_string"}],"inLanguage":"en-GB"}]}},"_links":{"self":[{"href":"https:\/\/quinze.es\/en\/wp-json\/wp\/v2\/pages\/1621","targetHints":{"allow":["GET"]}}],"collection":[{"href":"https:\/\/quinze.es\/en\/wp-json\/wp\/v2\/pages"}],"about":[{"href":"https:\/\/quinze.es\/en\/wp-json\/wp\/v2\/types\/page"}],"author":[{"embeddable":true,"href":"https:\/\/quinze.es\/en\/wp-json\/wp\/v2\/users\/1"}],"replies":[{"embeddable":true,"href":"https:\/\/quinze.es\/en\/wp-json\/wp\/v2\/comments?post=1621"}],"version-history":[{"count":5,"href":"https:\/\/quinze.es\/en\/wp-json\/wp\/v2\/pages\/1621\/revisions"}],"predecessor-version":[{"id":1639,"href":"https:\/\/quinze.es\/en\/wp-json\/wp\/v2\/pages\/1621\/revisions\/1639"}],"wp:featuredmedia":[{"embeddable":true,"href":"https:\/\/quinze.es\/en\/wp-json\/wp\/v2\/media\/678"}],"wp:attachment":[{"href":"https:\/\/quinze.es\/en\/wp-json\/wp\/v2\/media?parent=1621"}],"curies":[{"name":"wp","href":"https:\/\/api.w.org\/{rel}","templated":true}]}}