{"id":1071,"date":"2022-09-22T06:34:26","date_gmt":"2022-09-22T06:34:26","guid":{"rendered":"https:\/\/quinze.es\/?page_id=1071"},"modified":"2024-03-02T20:34:24","modified_gmt":"2024-03-02T19:34:24","slug":"menu-de-grupo","status":"publish","type":"page","link":"https:\/\/quinze.es\/en\/menu-de-grupo\/","title":{"rendered":"Men\u00fa de Grupos"},"content":{"rendered":"<div data-elementor-type=\"wp-page\" data-elementor-id=\"1071\" class=\"elementor elementor-1071\">\n\t\t\t\t\t\t\t\t\t<section class=\"elementor-section elementor-top-section elementor-element elementor-element-825c4e1 elementor-section-boxed elementor-section-height-default elementor-section-height-default\" data-id=\"825c4e1\" data-element_type=\"section\" data-settings=\"{&quot;background_background&quot;:&quot;classic&quot;}\">\n\t\t\t\t\t\t<div class=\"elementor-container elementor-column-gap-default\">\n\t\t\t\t\t<div class=\"elementor-column elementor-col-33 elementor-top-column elementor-element elementor-element-b75c2fa\" data-id=\"b75c2fa\" data-element_type=\"column\">\n\t\t\t<div class=\"elementor-widget-wrap\">\n\t\t\t\t\t\t\t\t\t<\/div>\n\t\t<\/div>\n\t\t\t\t<div class=\"elementor-column elementor-col-33 elementor-top-column elementor-element elementor-element-b4526f0\" data-id=\"b4526f0\" data-element_type=\"column\">\n\t\t\t<div class=\"elementor-widget-wrap elementor-element-populated\">\n\t\t\t\t\t\t\t\t<div class=\"elementor-element elementor-element-c3de7f8 elementor-widget elementor-widget-heading\" data-id=\"c3de7f8\" data-element_type=\"widget\" data-settings=\"{&quot;ekit_we_effect_on&quot;:&quot;none&quot;}\" data-widget_type=\"heading.default\">\n\t\t\t\t<div class=\"elementor-widget-container\">\n\t\t\t<style>\/*! elementor - v3.18.0 - 20-12-2023 *\/\n.elementor-heading-title{padding:0;margin:0;line-height:1}.elementor-widget-heading .elementor-heading-title[class*=elementor-size-]>a{color:inherit;font-size:inherit;line-height:inherit}.elementor-widget-heading .elementor-heading-title.elementor-size-small{font-size:15px}.elementor-widget-heading .elementor-heading-title.elementor-size-medium{font-size:19px}.elementor-widget-heading .elementor-heading-title.elementor-size-large{font-size:29px}.elementor-widget-heading .elementor-heading-title.elementor-size-xl{font-size:39px}.elementor-widget-heading .elementor-heading-title.elementor-size-xxl{font-size:59px}<\/style><h1 class=\"elementor-heading-title elementor-size-default\">Men\u00fa de Grupos<\/h1>\t\t<\/div>\n\t\t\t\t<\/div>\n\t\t\t\t<div class=\"elementor-element elementor-element-c082d36 elementor-widget elementor-widget-text-editor\" data-id=\"c082d36\" data-element_type=\"widget\" data-settings=\"{&quot;ekit_we_effect_on&quot;:&quot;none&quot;}\" data-widget_type=\"text-editor.default\">\n\t\t\t\t<div class=\"elementor-widget-container\">\n\t\t\t<style>\/*! elementor - v3.18.0 - 20-12-2023 *\/\n.elementor-widget-text-editor.elementor-drop-cap-view-stacked .elementor-drop-cap{background-color:#69727d;color:#fff}.elementor-widget-text-editor.elementor-drop-cap-view-framed .elementor-drop-cap{color:#69727d;border:3px solid;background-color:transparent}.elementor-widget-text-editor:not(.elementor-drop-cap-view-default) .elementor-drop-cap{margin-top:8px}.elementor-widget-text-editor:not(.elementor-drop-cap-view-default) .elementor-drop-cap-letter{width:1em;height:1em}.elementor-widget-text-editor .elementor-drop-cap{float:left;text-align:center;line-height:1;font-size:50px}.elementor-widget-text-editor .elementor-drop-cap-letter{display:inline-block}<\/style>\t\t\t\t<h4 class=\"font_8\" style=\"text-align: center;\">Si tienes un evento que celebrar, piensa en QUINZE<br \/>y disfruta de nuestra propuesta pensada especialmente para la ocasi\u00f3n.<\/h4>\t\t\t\t\t\t<\/div>\n\t\t\t\t<\/div>\n\t\t\t\t<div class=\"elementor-element elementor-element-ff15edf elementor-widget elementor-widget-heading\" data-id=\"ff15edf\" data-element_type=\"widget\" data-settings=\"{&quot;ekit_we_effect_on&quot;:&quot;none&quot;}\" data-widget_type=\"heading.default\">\n\t\t\t\t<div class=\"elementor-widget-container\">\n\t\t\t<h5 class=\"elementor-heading-title elementor-size-default\">por s\u00f3lo <b>35,00\u20ac <\/b><h5>\/PERSONA<\/h5><h5><\/h5><\/h5>\t\t<\/div>\n\t\t\t\t<\/div>\n\t\t\t\t<div class=\"elementor-element elementor-element-43757cf elementor-widget elementor-widget-text-editor\" data-id=\"43757cf\" data-element_type=\"widget\" data-settings=\"{&quot;ekit_we_effect_on&quot;:&quot;none&quot;}\" data-widget_type=\"text-editor.default\">\n\t\t\t\t<div class=\"elementor-widget-container\">\n\t\t\t\t\t\t\t<h4 class=\"font_8\" style=\"text-align: center;\"><strong>Descubre todo lo que incluye a continuaci\u00f3n.<\/strong><\/h4>\t\t\t\t\t\t<\/div>\n\t\t\t\t<\/div>\n\t\t\t\t\t<\/div>\n\t\t<\/div>\n\t\t\t\t<div class=\"elementor-column elementor-col-33 elementor-top-column elementor-element elementor-element-57b7f5d\" data-id=\"57b7f5d\" data-element_type=\"column\">\n\t\t\t<div class=\"elementor-widget-wrap\">\n\t\t\t\t\t\t\t\t\t<\/div>\n\t\t<\/div>\n\t\t\t\t\t\t\t<\/div>\n\t\t<\/section>\n\t\t\t\t<section class=\"elementor-section elementor-top-section elementor-element elementor-element-6e1da6b elementor-section-boxed elementor-section-height-default elementor-section-height-default\" data-id=\"6e1da6b\" data-element_type=\"section\" data-settings=\"{&quot;background_background&quot;:&quot;classic&quot;}\">\n\t\t\t\t\t\t<div class=\"elementor-container elementor-column-gap-default\">\n\t\t\t\t\t<div class=\"elementor-column elementor-col-33 elementor-top-column elementor-element elementor-element-efe8792\" data-id=\"efe8792\" data-element_type=\"column\">\n\t\t\t<div class=\"elementor-widget-wrap\">\n\t\t\t\t\t\t\t\t\t<\/div>\n\t\t<\/div>\n\t\t\t\t<div class=\"elementor-column elementor-col-33 elementor-top-column elementor-element elementor-element-0b49b91\" data-id=\"0b49b91\" data-element_type=\"column\">\n\t\t\t<div class=\"elementor-widget-wrap elementor-element-populated\">\n\t\t\t\t\t\t\t\t<div class=\"elementor-element elementor-element-c5078c7 elementor-widget elementor-widget-heading\" data-id=\"c5078c7\" data-element_type=\"widget\" data-settings=\"{&quot;ekit_we_effect_on&quot;:&quot;none&quot;}\" data-widget_type=\"heading.default\">\n\t\t\t\t<div class=\"elementor-widget-container\">\n\t\t\t<h2 class=\"elementor-heading-title elementor-size-default\">Entrantes\n<h5>AL CENTRO<\/h5><\/h2>\t\t<\/div>\n\t\t\t\t<\/div>\n\t\t\t\t<div class=\"elementor-element elementor-element-e6c2132 elementor-widget elementor-widget-text-editor\" data-id=\"e6c2132\" data-element_type=\"widget\" data-settings=\"{&quot;ekit_we_effect_on&quot;:&quot;none&quot;}\" data-widget_type=\"text-editor.default\">\n\t\t\t\t<div class=\"elementor-widget-container\">\n\t\t\t\t\t\t\t<div id=\"comp-l0qq9zr4\" class=\"_2Hij5\" data-testid=\"richTextElement\">\n<p class=\"font_8\" style=\"text-align: center;\"><strong>Quinze\u2019s Bravas<br>Croqueta de jam\u00f3n, setas o pollo al&#8217;ast<br>Provolone a la brasa con Titaina y champi\u00f1ones<br>Quinze\u2019s Olivier salad<\/strong><\/p>\n<\/div>\t\t\t\t\t\t<\/div>\n\t\t\t\t<\/div>\n\t\t\t\t<div class=\"elementor-element elementor-element-8ad4882 elementor-widget elementor-widget-heading\" data-id=\"8ad4882\" data-element_type=\"widget\" data-settings=\"{&quot;ekit_we_effect_on&quot;:&quot;none&quot;}\" data-widget_type=\"heading.default\">\n\t\t\t\t<div class=\"elementor-widget-container\">\n\t\t\t<h2 class=\"elementor-heading-title elementor-size-default\">Principal\n<h5>A ELEGIR<\/h5><\/h2>\t\t<\/div>\n\t\t\t\t<\/div>\n\t\t\t\t<div class=\"elementor-element elementor-element-1b91c5d elementor-widget elementor-widget-text-editor\" data-id=\"1b91c5d\" data-element_type=\"widget\" data-settings=\"{&quot;ekit_we_effect_on&quot;:&quot;none&quot;}\" data-widget_type=\"text-editor.default\">\n\t\t\t\t<div class=\"elementor-widget-container\">\n\t\t\t\t\t\t\t<div id=\"comp-l0qq9zr4\" class=\"_2Hij5\" data-testid=\"richTextElement\"><p class=\"font_8\" style=\"text-align: center;\"><strong>Chulles a la brasa<br \/>Entrecot a la brasa<br \/>Rape con emulsi\u00f3n de alli i pebre<br \/><\/strong><\/p><\/div>\t\t\t\t\t\t<\/div>\n\t\t\t\t<\/div>\n\t\t\t\t<div class=\"elementor-element elementor-element-48af613 elementor-widget elementor-widget-heading\" data-id=\"48af613\" data-element_type=\"widget\" data-settings=\"{&quot;ekit_we_effect_on&quot;:&quot;none&quot;}\" data-widget_type=\"heading.default\">\n\t\t\t\t<div class=\"elementor-widget-container\">\n\t\t\t<h2 class=\"elementor-heading-title elementor-size-default\">Bebidas<\/h2>\t\t<\/div>\n\t\t\t\t<\/div>\n\t\t\t\t<div class=\"elementor-element elementor-element-cf60702 elementor-widget elementor-widget-text-editor\" data-id=\"cf60702\" data-element_type=\"widget\" data-settings=\"{&quot;ekit_we_effect_on&quot;:&quot;none&quot;}\" data-widget_type=\"text-editor.default\">\n\t\t\t\t<div class=\"elementor-widget-container\">\n\t\t\t\t\t\t\t<div id=\"comp-l0qq9zr4\" class=\"_2Hij5\" data-testid=\"richTextElement\"><p class=\"font_8\" style=\"text-align: center;\"><strong>Copa de vino, cerveza, agua o refresco<br \/><\/strong><\/p><\/div>\t\t\t\t\t\t<\/div>\n\t\t\t\t<\/div>\n\t\t\t\t<div class=\"elementor-element elementor-element-2d8678c elementor-widget elementor-widget-heading\" data-id=\"2d8678c\" data-element_type=\"widget\" data-settings=\"{&quot;ekit_we_effect_on&quot;:&quot;none&quot;}\" data-widget_type=\"heading.default\">\n\t\t\t\t<div class=\"elementor-widget-container\">\n\t\t\t<h2 class=\"elementor-heading-title elementor-size-default\">Postre<\/h2>\t\t<\/div>\n\t\t\t\t<\/div>\n\t\t\t\t<div class=\"elementor-element elementor-element-0ac50c0 elementor-widget elementor-widget-text-editor\" data-id=\"0ac50c0\" data-element_type=\"widget\" data-settings=\"{&quot;ekit_we_effect_on&quot;:&quot;none&quot;}\" data-widget_type=\"text-editor.default\">\n\t\t\t\t<div class=\"elementor-widget-container\">\n\t\t\t\t\t\t\t<div id=\"comp-l0qq9zr4\" class=\"_2Hij5\" data-testid=\"richTextElement\"><p class=\"font_8\" style=\"text-align: center;\"><strong>Surtido de postres<br \/><\/strong><\/p><\/div>\t\t\t\t\t\t<\/div>\n\t\t\t\t<\/div>\n\t\t\t\t\t<\/div>\n\t\t<\/div>\n\t\t\t\t<div class=\"elementor-column elementor-col-33 elementor-top-column elementor-element elementor-element-fec867b\" data-id=\"fec867b\" data-element_type=\"column\">\n\t\t\t<div class=\"elementor-widget-wrap\">\n\t\t\t\t\t\t\t\t\t<\/div>\n\t\t<\/div>\n\t\t\t\t\t\t\t<\/div>\n\t\t<\/section>\n\t\t\t\t<section class=\"elementor-section elementor-top-section elementor-element elementor-element-0fb9971 elementor-section-boxed elementor-section-height-default elementor-section-height-default\" data-id=\"0fb9971\" data-element_type=\"section\" data-settings=\"{&quot;background_background&quot;:&quot;classic&quot;}\">\n\t\t\t\t\t\t<div class=\"elementor-container elementor-column-gap-default\">\n\t\t\t\t\t<div class=\"elementor-column elementor-col-100 elementor-top-column elementor-element elementor-element-7b0688e\" data-id=\"7b0688e\" data-element_type=\"column\">\n\t\t\t<div class=\"elementor-widget-wrap elementor-element-populated\">\n\t\t\t\t\t\t\t\t<div class=\"elementor-element elementor-element-6c343ce elementor-widget elementor-widget-heading\" data-id=\"6c343ce\" data-element_type=\"widget\" data-settings=\"{&quot;ekit_we_effect_on&quot;:&quot;none&quot;}\" data-widget_type=\"heading.default\">\n\t\t\t\t<div class=\"elementor-widget-container\">\n\t\t\t<h2 class=\"elementor-heading-title elementor-size-default\">Opcionales<\/h2>\t\t<\/div>\n\t\t\t\t<\/div>\n\t\t\t\t<div class=\"elementor-element elementor-element-88e9499 elementor-widget elementor-widget-heading\" data-id=\"88e9499\" data-element_type=\"widget\" data-settings=\"{&quot;ekit_we_effect_on&quot;:&quot;none&quot;}\" data-widget_type=\"heading.default\">\n\t\t\t\t<div class=\"elementor-widget-container\">\n\t\t\t<h5 class=\"elementor-heading-title elementor-size-default\"><h5>Gambas rojas a la brasa <b>+5\u20ac <\/b>\/persona<\/h5>\n<h5>Barra libre de bebidas durante la comida <b>+8\u20ac <\/b>\/persona<\/h5><\/h5>\t\t<\/div>\n\t\t\t\t<\/div>\n\t\t\t\t\t<\/div>\n\t\t<\/div>\n\t\t\t\t\t\t\t<\/div>\n\t\t<\/section>\n\t\t\t\t<section class=\"elementor-section elementor-top-section elementor-element elementor-element-fa676c5 elementor-section-boxed elementor-section-height-default elementor-section-height-default\" data-id=\"fa676c5\" data-element_type=\"section\" data-settings=\"{&quot;background_background&quot;:&quot;classic&quot;}\">\n\t\t\t\t\t\t<div class=\"elementor-container elementor-column-gap-default\">\n\t\t\t\t\t<div class=\"elementor-column elementor-col-100 elementor-top-column elementor-element elementor-element-b0dda86\" data-id=\"b0dda86\" data-element_type=\"column\">\n\t\t\t<div class=\"elementor-widget-wrap elementor-element-populated\">\n\t\t\t\t\t\t\t\t<div class=\"elementor-element elementor-element-f758ea0 elementor-align-center elementor-widget elementor-widget-button\" data-id=\"f758ea0\" data-element_type=\"widget\" data-settings=\"{&quot;ekit_we_effect_on&quot;:&quot;none&quot;}\" data-widget_type=\"button.default\">\n\t\t\t\t<div class=\"elementor-widget-container\">\n\t\t\t\t\t<div class=\"elementor-button-wrapper\">\n\t\t\t<a class=\"elementor-button elementor-button-link elementor-size-lg\" href=\"https:\/\/quinze.es\/en\/reservar\/\" target=\"_blank\">\n\t\t\t\t\t\t<span class=\"elementor-button-content-wrapper\">\n\t\t\t\t\t\t<span class=\"elementor-button-text\">RESERVAR FECHA<\/span>\n\t\t<\/span>\n\t\t\t\t\t<\/a>\n\t\t<\/div>\n\t\t\t\t<\/div>\n\t\t\t\t<\/div>\n\t\t\t\t<div class=\"elementor-element elementor-element-0dfcea8 elementor-widget elementor-widget-text-editor\" data-id=\"0dfcea8\" data-element_type=\"widget\" data-settings=\"{&quot;ekit_we_effect_on&quot;:&quot;none&quot;}\" data-widget_type=\"text-editor.default\">\n\t\t\t\t<div class=\"elementor-widget-container\">\n\t\t\t\t\t\t\t<h6 class=\"font_8\" style=\"text-align: center;\">*M\u00ednimo 10 personas. No acumulable con otros descuentos o promociones.<\/h6>\t\t\t\t\t\t<\/div>\n\t\t\t\t<\/div>\n\t\t\t\t\t<\/div>\n\t\t<\/div>\n\t\t\t\t\t\t\t<\/div>\n\t\t<\/section>\n\t\t\t\t<section class=\"elementor-section elementor-top-section elementor-element elementor-element-4c03da13 elementor-section-boxed elementor-section-height-default elementor-section-height-default\" data-id=\"4c03da13\" data-element_type=\"section\" data-settings=\"{&quot;background_background&quot;:&quot;classic&quot;}\">\n\t\t\t\t\t\t<div class=\"elementor-container elementor-column-gap-default\">\n\t\t\t\t\t<div class=\"elementor-column elementor-col-50 elementor-top-column elementor-element elementor-element-210f6c72\" data-id=\"210f6c72\" data-element_type=\"column\">\n\t\t\t<div class=\"elementor-widget-wrap elementor-element-populated\">\n\t\t\t\t\t\t\t\t<div class=\"elementor-element elementor-element-596beb7b elementor-widget elementor-widget-heading\" data-id=\"596beb7b\" data-element_type=\"widget\" data-settings=\"{&quot;ekit_we_effect_on&quot;:&quot;none&quot;}\" data-widget_type=\"heading.default\">\n\t\t\t\t<div class=\"elementor-widget-container\">\n\t\t\t<span class=\"elementor-heading-title elementor-size-default\"><a href=\"https:\/\/quinze.es\/en\/privacy-policy\/\">Pol\u00edtica de Privacidad<\/a><\/span>\t\t<\/div>\n\t\t\t\t<\/div>\n\t\t\t\t\t<\/div>\n\t\t<\/div>\n\t\t\t\t<div class=\"elementor-column elementor-col-50 elementor-top-column elementor-element elementor-element-3f4d6a49\" data-id=\"3f4d6a49\" data-element_type=\"column\">\n\t\t\t<div class=\"elementor-widget-wrap elementor-element-populated\">\n\t\t\t\t\t\t\t\t<div class=\"elementor-element elementor-element-6f393011 elementor-widget elementor-widget-heading\" data-id=\"6f393011\" data-element_type=\"widget\" data-settings=\"{&quot;ekit_we_effect_on&quot;:&quot;none&quot;}\" data-widget_type=\"heading.default\">\n\t\t\t\t<div class=\"elementor-widget-container\">\n\t\t\t<span class=\"elementor-heading-title elementor-size-default\"><a href=\"https:\/\/quinze.es\/en\/cookies\/\">Pol\u00edtica de Cookies<\/a><\/span>\t\t<\/div>\n\t\t\t\t<\/div>\n\t\t\t\t\t<\/div>\n\t\t<\/div>\n\t\t\t\t\t\t\t<\/div>\n\t\t<\/section>\n\t\t\t\t\t\t\t<\/div>","protected":false},"excerpt":{"rendered":"<p>Men\u00fa de Grupos Si tienes un evento que celebrar, piensa en QUINZEy disfruta de nuestra propuesta pensada especialmente para la ocasi\u00f3n. por s\u00f3lo 35,00\u20ac \/PERSONA Descubre todo lo que incluye a continuaci\u00f3n. Entrantes AL CENTRO Bravas QuinzeCroqueta de jam\u00f3n, setas o pollo al&#8217;astProvolone a la brasa con Titaina y champi\u00f1onesEnsaladilla rusa Quinze Principal A ELEGIR &hellip;<\/p>\n<p class=\"read-more\"> <a class=\"\" href=\"https:\/\/quinze.es\/en\/menu-de-grupo\/\"> <span class=\"screen-reader-text\">Men\u00fa de Grupos<\/span> Read More &raquo;<\/a><\/p>","protected":false},"author":1,"featured_media":678,"parent":0,"menu_order":0,"comment_status":"closed","ping_status":"closed","template":"elementor_header_footer","meta":{"site-sidebar-layout":"no-sidebar","site-content-layout":"page-builder","ast-global-header-display":"","ast-main-header-display":"","ast-hfb-above-header-display":"","ast-hfb-below-header-display":"","ast-hfb-mobile-header-display":"","site-post-title":"disabled","ast-breadcrumbs-content":"","ast-featured-img":"disabled","footer-sml-layout":"","theme-transparent-header-meta":"","adv-header-id-meta":"","stick-header-meta":"","header-above-stick-meta":"","header-main-stick-meta":"","header-below-stick-meta":"","footnotes":""},"class_list":["post-1071","page","type-page","status-publish","has-post-thumbnail","hentry"],"yoast_head":"<!-- This site is optimized with the Yoast SEO plugin v21.8 - https:\/\/yoast.com\/wordpress\/plugins\/seo\/ -->\n<title>Restaurante Quinze \u2b50\u2b50\u2b50\u2b50\u2b50 Salamanca 15, 46005 Valencia, Spain<\/title>\n<meta name=\"description\" content=\"Platos del D\u00eda. Te presentamos nuevas propuestas para comer entresemana*\u2026\u261e por s\u00f3lo 6,90\u20ac \ud83d\udd25\u00a1Querr\u00e1s probarlos todos! QUINZE VLC.\" \/>\n<meta name=\"robots\" content=\"index, follow, max-snippet:-1, max-image-preview:large, max-video-preview:-1\" \/>\n<link rel=\"canonical\" href=\"https:\/\/quinze.es\/en\/menu-de-grupo\/\" \/>\n<meta property=\"og:locale\" content=\"en_GB\" \/>\n<meta property=\"og:type\" content=\"article\" \/>\n<meta property=\"og:title\" content=\"Restaurante Quinze \u2b50\u2b50\u2b50\u2b50\u2b50 Salamanca 15, 46005 Valencia, Spain\" \/>\n<meta property=\"og:description\" content=\"Platos del D\u00eda. Te presentamos nuevas propuestas para comer entresemana*\u2026\u261e por s\u00f3lo 6,90\u20ac \ud83d\udd25\u00a1Querr\u00e1s probarlos todos! QUINZE VLC.\" \/>\n<meta property=\"og:url\" content=\"https:\/\/quinze.es\/en\/menu-de-grupo\/\" \/>\n<meta property=\"og:site_name\" content=\"Quinze\" \/>\n<meta property=\"article:modified_time\" content=\"2024-03-02T19:34:24+00:00\" \/>\n<meta property=\"og:image\" content=\"https:\/\/quinze.es\/wp-content\/uploads\/2022\/04\/wqddqwdqwqw.png\" \/>\n\t<meta property=\"og:image:width\" content=\"366\" \/>\n\t<meta property=\"og:image:height\" content=\"361\" \/>\n\t<meta property=\"og:image:type\" content=\"image\/png\" \/>\n<meta name=\"twitter:card\" content=\"summary_large_image\" \/>\n<meta name=\"twitter:label1\" content=\"Estimated reading time\" \/>\n\t<meta name=\"twitter:data1\" content=\"1 minute\" \/>\n<script type=\"application\/ld+json\" class=\"yoast-schema-graph\">{\"@context\":\"https:\/\/schema.org\",\"@graph\":[{\"@type\":\"WebPage\",\"@id\":\"https:\/\/quinze.es\/menu-de-grupo\/\",\"url\":\"https:\/\/quinze.es\/menu-de-grupo\/\",\"name\":\"Restaurante Quinze \u2b50\u2b50\u2b50\u2b50\u2b50 Salamanca 15, 46005 Valencia, Spain\",\"isPartOf\":{\"@id\":\"https:\/\/quinze.es\/#website\"},\"datePublished\":\"2022-09-22T06:34:26+00:00\",\"dateModified\":\"2024-03-02T19:34:24+00:00\",\"description\":\"Platos del D\u00eda. Te presentamos nuevas propuestas para comer entresemana*\u2026\u261e por s\u00f3lo 6,90\u20ac \ud83d\udd25\u00a1Querr\u00e1s probarlos todos! QUINZE VLC.\",\"breadcrumb\":{\"@id\":\"https:\/\/quinze.es\/menu-de-grupo\/#breadcrumb\"},\"inLanguage\":\"en-GB\",\"potentialAction\":[{\"@type\":\"ReadAction\",\"target\":[\"https:\/\/quinze.es\/menu-de-grupo\/\"]}]},{\"@type\":\"BreadcrumbList\",\"@id\":\"https:\/\/quinze.es\/menu-de-grupo\/#breadcrumb\",\"itemListElement\":[{\"@type\":\"ListItem\",\"position\":1,\"name\":\"Portada\",\"item\":\"https:\/\/quinze.es\/\"},{\"@type\":\"ListItem\",\"position\":2,\"name\":\"Men\u00fa de Grupos\"}]},{\"@type\":\"WebSite\",\"@id\":\"https:\/\/quinze.es\/#website\",\"url\":\"https:\/\/quinze.es\/\",\"name\":\"Quinze\",\"description\":\"Cocina de brasas\",\"potentialAction\":[{\"@type\":\"SearchAction\",\"target\":{\"@type\":\"EntryPoint\",\"urlTemplate\":\"https:\/\/quinze.es\/?s={search_term_string}\"},\"query-input\":\"required name=search_term_string\"}],\"inLanguage\":\"en-GB\"}]}<\/script>\n<!-- \/ Yoast SEO plugin. -->","yoast_head_json":{"title":"Restaurante Quinze \u2b50\u2b50\u2b50\u2b50\u2b50 Salamanca 15, 46005 Valencia, Spain","description":"Platos del D\u00eda. Te presentamos nuevas propuestas para comer entresemana*\u2026\u261e por s\u00f3lo 6,90\u20ac \ud83d\udd25\u00a1Querr\u00e1s probarlos todos! QUINZE VLC.","robots":{"index":"index","follow":"follow","max-snippet":"max-snippet:-1","max-image-preview":"max-image-preview:large","max-video-preview":"max-video-preview:-1"},"canonical":"https:\/\/quinze.es\/en\/menu-de-grupo\/","og_locale":"en_GB","og_type":"article","og_title":"Restaurante Quinze \u2b50\u2b50\u2b50\u2b50\u2b50 Salamanca 15, 46005 Valencia, Spain","og_description":"Platos del D\u00eda. Te presentamos nuevas propuestas para comer entresemana*\u2026\u261e por s\u00f3lo 6,90\u20ac \ud83d\udd25\u00a1Querr\u00e1s probarlos todos! QUINZE VLC.","og_url":"https:\/\/quinze.es\/en\/menu-de-grupo\/","og_site_name":"Quinze","article_modified_time":"2024-03-02T19:34:24+00:00","og_image":[{"width":366,"height":361,"url":"https:\/\/quinze.es\/wp-content\/uploads\/2022\/04\/wqddqwdqwqw.png","type":"image\/png"}],"twitter_card":"summary_large_image","twitter_misc":{"Estimated reading time":"1 minute"},"schema":{"@context":"https:\/\/schema.org","@graph":[{"@type":"WebPage","@id":"https:\/\/quinze.es\/menu-de-grupo\/","url":"https:\/\/quinze.es\/menu-de-grupo\/","name":"Restaurante Quinze \u2b50\u2b50\u2b50\u2b50\u2b50 Salamanca 15, 46005 Valencia, Spain","isPartOf":{"@id":"https:\/\/quinze.es\/#website"},"datePublished":"2022-09-22T06:34:26+00:00","dateModified":"2024-03-02T19:34:24+00:00","description":"Platos del D\u00eda. Te presentamos nuevas propuestas para comer entresemana*\u2026\u261e por s\u00f3lo 6,90\u20ac \ud83d\udd25\u00a1Querr\u00e1s probarlos todos! QUINZE VLC.","breadcrumb":{"@id":"https:\/\/quinze.es\/menu-de-grupo\/#breadcrumb"},"inLanguage":"en-GB","potentialAction":[{"@type":"ReadAction","target":["https:\/\/quinze.es\/menu-de-grupo\/"]}]},{"@type":"BreadcrumbList","@id":"https:\/\/quinze.es\/menu-de-grupo\/#breadcrumb","itemListElement":[{"@type":"ListItem","position":1,"name":"Portada","item":"https:\/\/quinze.es\/"},{"@type":"ListItem","position":2,"name":"Men\u00fa de Grupos"}]},{"@type":"WebSite","@id":"https:\/\/quinze.es\/#website","url":"https:\/\/quinze.es\/","name":"Quinze","description":"Cocina de brasas","potentialAction":[{"@type":"SearchAction","target":{"@type":"EntryPoint","urlTemplate":"https:\/\/quinze.es\/?s={search_term_string}"},"query-input":"required name=search_term_string"}],"inLanguage":"en-GB"}]}},"_links":{"self":[{"href":"https:\/\/quinze.es\/en\/wp-json\/wp\/v2\/pages\/1071","targetHints":{"allow":["GET"]}}],"collection":[{"href":"https:\/\/quinze.es\/en\/wp-json\/wp\/v2\/pages"}],"about":[{"href":"https:\/\/quinze.es\/en\/wp-json\/wp\/v2\/types\/page"}],"author":[{"embeddable":true,"href":"https:\/\/quinze.es\/en\/wp-json\/wp\/v2\/users\/1"}],"replies":[{"embeddable":true,"href":"https:\/\/quinze.es\/en\/wp-json\/wp\/v2\/comments?post=1071"}],"version-history":[{"count":40,"href":"https:\/\/quinze.es\/en\/wp-json\/wp\/v2\/pages\/1071\/revisions"}],"predecessor-version":[{"id":1617,"href":"https:\/\/quinze.es\/en\/wp-json\/wp\/v2\/pages\/1071\/revisions\/1617"}],"wp:featuredmedia":[{"embeddable":true,"href":"https:\/\/quinze.es\/en\/wp-json\/wp\/v2\/media\/678"}],"wp:attachment":[{"href":"https:\/\/quinze.es\/en\/wp-json\/wp\/v2\/media?parent=1071"}],"curies":[{"name":"wp","href":"https:\/\/api.w.org\/{rel}","templated":true}]}}